
{"id":97,"date":"2017-12-22T12:50:44","date_gmt":"2017-12-22T12:50:44","guid":{"rendered":"https:\/\/camp-lumi.com\/?page_id=97"},"modified":"2026-04-09T12:56:21","modified_gmt":"2026-04-09T16:56:21","slug":"les-taux","status":"publish","type":"page","link":"https:\/\/camp-lumi.com\/fr\/les-taux\/","title":{"rendered":"Les taux"},"content":{"rendered":"<div class=\"wpb-content-wrapper\"><p>[vc_row full_width=\u00a0\u00bbstretch_row_content_no_spaces\u00a0\u00bb][vc_column icons_position=\u00a0\u00bbleft\u00a0\u00bb][vc_single_image image=\u00a0\u00bb1992&Prime; img_size=\u00a0\u00bbfull\u00a0\u00bb alignment=\u00a0\u00bbcenter\u00a0\u00bb][\/vc_column][\/vc_row][vc_row full_width=\u00a0\u00bbstretch_row_content_no_spaces\u00a0\u00bb hide_bg_image_on_tablet=\u00a0\u00bb\u00a0\u00bb hide_bg_image_on_mobile=\u00a0\u00bb\u00a0\u00bb][vc_column icons_position=\u00a0\u00bbleft\u00a0\u00bb][vc_row_inner hide_bg_image_on_tablet=\u00a0\u00bb\u00a0\u00bb hide_bg_image_on_mobile=\u00a0\u00bb\u00a0\u00bb el_class=\u00a0\u00bbz-index-1 page-cover-wave\u00a0\u00bb][vc_column_inner hide_bg_image_on_tablet=\u00a0\u00bb\u00a0\u00bb hide_bg_image_on_mobile=\u00a0\u00bb\u00a0\u00bb icons_position=\u00a0\u00bbleft\u00a0\u00bb css=\u00a0\u00bb.vc_custom_1667567884601{background-image: url(https:\/\/camp-lumi.com\/wp-content\/uploads\/2022\/11\/camp-lumi-kids-summer-day-camp-montreal-home-slider-waves.png?id=1850) !important;background-position: bottom center !important;background-repeat: no-repeat !important;background-size: cover !important;}\u00a0\u00bb]<div id=\"sc_title_1379905689\"\r\n\t\tclass=\"sc_title color_style_default sc_title_default page-cover-title\"><h1 class=\"sc_item_title sc_title_title sc_align_left sc_item_title_style_default sc_item_title_tag\">Les frais<\/h1><\/div><!-- \/.sc_title -->[vc_empty_space height=\u00a0\u00bb27.5vw\u00a0\u00bb alter_height=\u00a0\u00bbnone\u00a0\u00bb hide_on_desktop=\u00a0\u00bb\u00a0\u00bb hide_on_notebook=\u00a0\u00bb\u00a0\u00bb hide_on_tablet=\u00a0\u00bb\u00a0\u00bb hide_on_mobile=\u00a0\u00bb\u00a0\u00bb][\/vc_column_inner][\/vc_row_inner][\/vc_column][\/vc_row][vc_row disable_element=\u00a0\u00bbyes\u00a0\u00bb hide_bg_image_on_tablet=\u00a0\u00bb\u00a0\u00bb hide_bg_image_on_mobile=\u00a0\u00bb\u00a0\u00bb][vc_column icons_position=\u00a0\u00bbleft\u00a0\u00bb][vc_empty_space height=\u00a0\u00bb2.6vw\u00a0\u00bb alter_height=\u00a0\u00bbnone\u00a0\u00bb hide_on_desktop=\u00a0\u00bb\u00a0\u00bb hide_on_notebook=\u00a0\u00bb\u00a0\u00bb hide_on_tablet=\u00a0\u00bb\u00a0\u00bb hide_on_mobile=\u00a0\u00bb\u00a0\u00bb]<div id=\"sc_table_1104037656_wrap\" class=\"sc_table_wrap\"><h6 class=\"sc_item_subtitle sc_table_subtitle sc_align_left sc_item_title_style_default\">Calendrier<\/h6><div id=\"sc_table_1104037656\"\r\n\t\t\tclass=\"sc_table sc_table_default alignleft rates-table in-purple trx_addons_inline_772195195\"><\/p>\n<p>Les informations concernant le camp de la semaine de rel\u00e2che (du 2 au 6 mars 2026) et l\u2019\u00e9t\u00e9 2026 seront bient\u00f4t disponibles !<\/div><\/div><!-- \/.sc_table_wrap -->[\/vc_column][\/vc_row][vc_row][vc_column width=\u00a0\u00bb1\/2&Prime; icons_position=\u00a0\u00bbleft\u00a0\u00bb][vc_empty_space height=\u00a0\u00bb0.5vw\u00a0\u00bb alter_height=\u00a0\u00bbnone\u00a0\u00bb hide_on_desktop=\u00a0\u00bb\u00a0\u00bb hide_on_notebook=\u00a0\u00bb\u00a0\u00bb hide_on_tablet=\u00a0\u00bb\u00a0\u00bb hide_on_mobile=\u00a0\u00bb\u00a0\u00bb]<div id=\"sc_table_706261204_wrap\" class=\"sc_table_wrap\"><div id=\"sc_table_706261204\"\r\n\t\t\tclass=\"sc_table sc_table_default alignleft rates-table in-purple trx_addons_inline_559956268\"><\/p>\n<table>\n<tbody>\n<tr>\n<td>Camp de la semain de rel\u00e2che<\/td>\n<td>2 mars au 6 mars<\/td>\n<\/tr>\n<tr>\n<td>Semaine 1<\/td>\n<td>29 juin au 3 juillet<\/td>\n<\/tr>\n<tr>\n<td>Semaine 2<\/td>\n<td>6 juillet au 10 juillet<\/td>\n<\/tr>\n<tr>\n<td>Semaine 3<\/td>\n<td>13 juillet au 17 juillet<\/td>\n<\/tr>\n<tr>\n<td>Semaine 4<\/td>\n<td>20 juillet au 24 juillet<\/td>\n<\/tr>\n<tr>\n<td>Semaine 5<\/td>\n<td>27 juillet au 31 juillet<\/td>\n<\/tr>\n<tr>\n<td>Semaine 6<\/td>\n<td>3 ao\u00fbt au 7 ao\u00fbt<\/td>\n<\/tr>\n<tr>\n<td>Semaine 7<\/td>\n<td>10 ao\u00fbt au 14 ao\u00fbt<\/td>\n<\/tr>\n<tr>\n<td>Semaine 8<\/td>\n<td>17 ao\u00fbt au 21 ao\u00fbt<\/td>\n<\/tr>\n<\/tbody>\n<\/table>\n<p><\/div><\/div><!-- \/.sc_table_wrap -->[vc_empty_space height=\u00a0\u00bb2.6vw\u00a0\u00bb alter_height=\u00a0\u00bbnone\u00a0\u00bb hide_on_desktop=\u00a0\u00bb\u00a0\u00bb hide_on_notebook=\u00a0\u00bb\u00a0\u00bb hide_on_tablet=\u00a0\u00bb\u00a0\u00bb hide_on_mobile=\u00a0\u00bb\u00a0\u00bb][\/vc_column][vc_column width=\u00a0\u00bb1\/2&Prime; icons_position=\u00a0\u00bbleft\u00a0\u00bb][vc_empty_space height=\u00a0\u00bb0.5vw\u00a0\u00bb alter_height=\u00a0\u00bbnone\u00a0\u00bb hide_on_desktop=\u00a0\u00bb\u00a0\u00bb hide_on_notebook=\u00a0\u00bb\u00a0\u00bb hide_on_tablet=\u00a0\u00bb\u00a0\u00bb hide_on_mobile=\u00a0\u00bb\u00a0\u00bb]<div id=\"sc_table_1054779704_wrap\" class=\"sc_table_wrap\"><div id=\"sc_table_1054779704\"\r\n\t\t\tclass=\"sc_table sc_table_default alignleft rates-table trx_addons_inline_961038274\"><\/p>\n<table>\n<tbody>\n<tr>\n<td>Frais d\u2019inscription<\/td>\n<td>420 $\/semaine<\/td>\n<\/tr>\n<tr>\n<td>Programme Dawnies<br \/>\nGarderie matinale de 7h45 \u00e0 8h30<\/td>\n<td>30 $\/semaine<\/td>\n<\/tr>\n<tr>\n<td>Programme Duskies<br \/>\nJourn\u00e9e prolong\u00e9e de 16h00 \u00e0 18h00<\/td>\n<td>40 $\/semaine<\/td>\n<\/tr>\n<tr>\n<td>Programme de d\u00e9jeuner en option \u2013 <a class=\"popmake-2456\" href=\"#\">Afficher le menu<\/a><\/td>\n<td>62.50 $\/semaine<\/td>\n<\/tr>\n<\/tbody>\n<\/table>\n<p><\/div><\/div><!-- \/.sc_table_wrap -->[vc_empty_space height=\u00a0\u00bb2.6vw\u00a0\u00bb alter_height=\u00a0\u00bbnone\u00a0\u00bb hide_on_desktop=\u00a0\u00bb\u00a0\u00bb hide_on_notebook=\u00a0\u00bb\u00a0\u00bb hide_on_tablet=\u00a0\u00bb\u00a0\u00bb hide_on_mobile=\u00a0\u00bb\u00a0\u00bb][\/vc_column][\/vc_row][vc_row][vc_column width=\u00a0\u00bb1\/4&Prime; icons_position=\u00a0\u00bbleft\u00a0\u00bb][\/vc_column][vc_column width=\u00a0\u00bb1\/2&Prime; icons_position=\u00a0\u00bbleft\u00a0\u00bb]<div id=\"sc_table_1847299006_wrap\" class=\"sc_table_wrap\"><div id=\"sc_table_1847299006\"\r\n\t\t\tclass=\"sc_table sc_table_default alignleft rates-table trx_addons_inline_1349005253\"><\/div><div class=\"sc_item_button sc_button_wrap sc_align_center\"><a href=\"https:\/\/camplumi.campmanagement.com\/p\/request_for_info_m.php?action=enroll\" id=\"sc_button_460628672\" class=\"sc_button color_style_default sc_button_default sc_item_button sc_item_button_default sc_table_button sc_button_size_normal sc_button_icon_left\"><span class=\"sc_button_text\"><span class=\"sc_button_title\">S&#039;inscrire maintenant<\/span><\/span><!-- \/.sc_button_text --><\/a><!-- \/.sc_button --><\/div><!-- \/.sc_item_button --><\/div><!-- \/.sc_table_wrap -->[vc_empty_space height=\u00a0\u00bb2.6vw\u00a0\u00bb alter_height=\u00a0\u00bbnone\u00a0\u00bb hide_on_desktop=\u00a0\u00bb\u00a0\u00bb hide_on_notebook=\u00a0\u00bb\u00a0\u00bb hide_on_tablet=\u00a0\u00bb\u00a0\u00bb hide_on_mobile=\u00a0\u00bb\u00a0\u00bb][\/vc_column][vc_column width=\u00a0\u00bb1\/4&Prime; icons_position=\u00a0\u00bbleft\u00a0\u00bb][\/vc_column][\/vc_row]<\/p>\n<\/div>","protected":false},"excerpt":{"rendered":"<p>[vc_row full_width=\u00a0\u00bbstretch_row_content_no_spaces\u00a0\u00bb][vc_column icons_position=\u00a0\u00bbleft\u00a0\u00bb][vc_single_image image=\u00a0\u00bb1992&Prime; img_size=\u00a0\u00bbfull\u00a0\u00bb alignment=\u00a0\u00bbcenter\u00a0\u00bb][\/vc_column][\/vc_row][vc_row full_width=\u00a0\u00bbstretch_row_content_no_spaces\u00a0\u00bb hide_bg_image_on_tablet=\u00a0\u00bb\u00a0\u00bb hide_bg_image_on_mobile=\u00a0\u00bb\u00a0\u00bb][vc_column icons_position=\u00a0\u00bbleft\u00a0\u00bb][vc_row_inner hide_bg_image_on_tablet=\u00a0\u00bb\u00a0\u00bb hide_bg_image_on_mobile=\u00a0\u00bb\u00a0\u00bb el_class=\u00a0\u00bbz-index-1 page-cover-wave\u00a0\u00bb][vc_column_inner hide_bg_image_on_tablet=\u00a0\u00bb\u00a0\u00bb hide_bg_image_on_mobile=\u00a0\u00bb\u00a0\u00bb icons_position=\u00a0\u00bbleft\u00a0\u00bb css=\u00a0\u00bb.vc_custom_1667567884601{background-image: url(https:\/\/camp-lumi.com\/wp-content\/uploads\/2022\/11\/camp-lumi-kids-summer-day-camp-montreal-home-slider-waves.png?id=1850) !important;background-position: bottom center !important;background-repeat: no-repeat !important;background-size: cover !important;}\u00a0\u00bb][vc_empty_space height=\u00a0\u00bb27.5vw\u00a0\u00bb alter_height=\u00a0\u00bbnone\u00a0\u00bb hide_on_desktop=\u00a0\u00bb\u00a0\u00bb hide_on_notebook=\u00a0\u00bb\u00a0\u00bb hide_on_tablet=\u00a0\u00bb\u00a0\u00bb hide_on_mobile=\u00a0\u00bb\u00a0\u00bb][\/vc_column_inner][\/vc_row_inner][\/vc_column][\/vc_row][vc_row disable_element=\u00a0\u00bbyes\u00a0\u00bb hide_bg_image_on_tablet=\u00a0\u00bb\u00a0\u00bb hide_bg_image_on_mobile=\u00a0\u00bb\u00a0\u00bb][vc_column icons_position=\u00a0\u00bbleft\u00a0\u00bb][vc_empty_space height=\u00a0\u00bb2.6vw\u00a0\u00bb alter_height=\u00a0\u00bbnone\u00a0\u00bb hide_on_desktop=\u00a0\u00bb\u00a0\u00bb hide_on_notebook=\u00a0\u00bb\u00a0\u00bb hide_on_tablet=\u00a0\u00bb\u00a0\u00bb hide_on_mobile=\u00a0\u00bb\u00a0\u00bb][\/vc_column][\/vc_row][vc_row][vc_column width=\u00a0\u00bb1\/2&Prime; icons_position=\u00a0\u00bbleft\u00a0\u00bb][vc_empty_space height=\u00a0\u00bb0.5vw\u00a0\u00bb alter_height=\u00a0\u00bbnone\u00a0\u00bb hide_on_desktop=\u00a0\u00bb\u00a0\u00bb hide_on_notebook=\u00a0\u00bb\u00a0\u00bb hide_on_tablet=\u00a0\u00bb\u00a0\u00bb hide_on_mobile=\u00a0\u00bb\u00a0\u00bb][vc_empty_space height=\u00a0\u00bb2.6vw\u00a0\u00bb alter_height=\u00a0\u00bbnone\u00a0\u00bb hide_on_desktop=\u00a0\u00bb\u00a0\u00bb hide_on_notebook=\u00a0\u00bb\u00a0\u00bb hide_on_tablet=\u00a0\u00bb\u00a0\u00bb hide_on_mobile=\u00a0\u00bb\u00a0\u00bb][\/vc_column][vc_column width=\u00a0\u00bb1\/2&Prime; icons_position=\u00a0\u00bbleft\u00a0\u00bb][vc_empty_space height=\u00a0\u00bb0.5vw\u00a0\u00bb&hellip;<\/p>\n","protected":false},"author":1,"featured_media":0,"parent":0,"menu_order":0,"comment_status":"closed","ping_status":"closed","template":"","meta":{"inline_featured_image":false,"footnotes":""},"class_list":["post-97","page","type-page","status-publish","hentry"],"yoast_head":"<!-- This site is optimized with the Yoast SEO plugin v27.1.1 - https:\/\/yoast.com\/product\/yoast-seo-wordpress\/ -->\n<title>Tarifs du camp de jour en \u00e9t\u00e9 \u00e0 Montr\u00e9al, Qu\u00e9bec - Camp Lumi<\/title>\n<meta name=\"description\" content=\"D\u00e9couvrez les meilleurs tarifs pour les camps de jour en \u00e9t\u00e9 \u00e0 Montr\u00e9al. Nous offrons un service de camp \u00e0 prix abordable pour vos enfants - Camp Lumi\" \/>\n<meta name=\"robots\" content=\"index, follow, max-snippet:-1, max-image-preview:large, max-video-preview:-1\" \/>\n<link rel=\"canonical\" href=\"https:\/\/camp-lumi.com\/fr\/les-taux\/\" \/>\n<meta property=\"og:locale\" content=\"fr_FR\" \/>\n<meta property=\"og:type\" content=\"article\" \/>\n<meta property=\"og:title\" content=\"Tarifs du camp de jour en \u00e9t\u00e9 \u00e0 Montr\u00e9al, Qu\u00e9bec - Camp Lumi\" \/>\n<meta property=\"og:description\" content=\"D\u00e9couvrez les meilleurs tarifs pour les camps de jour en \u00e9t\u00e9 \u00e0 Montr\u00e9al. Nous offrons un service de camp \u00e0 prix abordable pour vos enfants - Camp Lumi\" \/>\n<meta property=\"og:url\" content=\"https:\/\/camp-lumi.com\/fr\/les-taux\/\" \/>\n<meta property=\"og:site_name\" content=\"Camp Lumi\" \/>\n<meta property=\"article:modified_time\" content=\"2026-04-09T16:56:21+00:00\" \/>\n<meta property=\"og:image\" content=\"https:\/\/camp-lumi.com\/wp-content\/uploads\/2022\/12\/camp-lumi-kids-summer-day-camp-montreal-logo-fb.jpg\" \/>\n\t<meta property=\"og:image:width\" content=\"1201\" \/>\n\t<meta property=\"og:image:height\" content=\"631\" \/>\n\t<meta property=\"og:image:type\" content=\"image\/jpeg\" \/>\n<meta name=\"twitter:card\" content=\"summary_large_image\" \/>\n<meta name=\"twitter:label1\" content=\"Dur\u00e9e de lecture estim\u00e9e\" \/>\n\t<meta name=\"twitter:data1\" content=\"2 minutes\" \/>\n<script type=\"application\/ld+json\" class=\"yoast-schema-graph\">{\"@context\":\"https:\/\/schema.org\",\"@graph\":[{\"@type\":\"WebPage\",\"@id\":\"https:\/\/camp-lumi.com\/fr\/les-taux\/\",\"url\":\"https:\/\/camp-lumi.com\/fr\/les-taux\/\",\"name\":\"Tarifs du camp de jour en \u00e9t\u00e9 \u00e0 Montr\u00e9al, Qu\u00e9bec - Camp Lumi\",\"isPartOf\":{\"@id\":\"https:\/\/camp-lumi.com\/fr\/#website\"},\"datePublished\":\"2017-12-22T12:50:44+00:00\",\"dateModified\":\"2026-04-09T16:56:21+00:00\",\"description\":\"D\u00e9couvrez les meilleurs tarifs pour les camps de jour en \u00e9t\u00e9 \u00e0 Montr\u00e9al. Nous offrons un service de camp \u00e0 prix abordable pour vos enfants - Camp Lumi\",\"breadcrumb\":{\"@id\":\"https:\/\/camp-lumi.com\/fr\/les-taux\/#breadcrumb\"},\"inLanguage\":\"fr-FR\",\"potentialAction\":[{\"@type\":\"ReadAction\",\"target\":[\"https:\/\/camp-lumi.com\/fr\/les-taux\/\"]}]},{\"@type\":\"BreadcrumbList\",\"@id\":\"https:\/\/camp-lumi.com\/fr\/les-taux\/#breadcrumb\",\"itemListElement\":[{\"@type\":\"ListItem\",\"position\":1,\"name\":\"Home\",\"item\":\"https:\/\/camp-lumi.com\/fr\/\"},{\"@type\":\"ListItem\",\"position\":2,\"name\":\"Les taux\"}]},{\"@type\":\"WebSite\",\"@id\":\"https:\/\/camp-lumi.com\/fr\/#website\",\"url\":\"https:\/\/camp-lumi.com\/fr\/\",\"name\":\"Camp Lumi\",\"description\":\"Camp d&#039;\u00e9t\u00e9 stimulant et excitant pour chaque enfant.\",\"publisher\":{\"@id\":\"https:\/\/camp-lumi.com\/fr\/#organization\"},\"potentialAction\":[{\"@type\":\"SearchAction\",\"target\":{\"@type\":\"EntryPoint\",\"urlTemplate\":\"https:\/\/camp-lumi.com\/fr\/?s={search_term_string}\"},\"query-input\":{\"@type\":\"PropertyValueSpecification\",\"valueRequired\":true,\"valueName\":\"search_term_string\"}}],\"inLanguage\":\"fr-FR\"},{\"@type\":\"Organization\",\"@id\":\"https:\/\/camp-lumi.com\/fr\/#organization\",\"name\":\"Camp Lumi\",\"url\":\"https:\/\/camp-lumi.com\/fr\/\",\"logo\":{\"@type\":\"ImageObject\",\"inLanguage\":\"fr-FR\",\"@id\":\"https:\/\/camp-lumi.com\/fr\/#\/schema\/logo\/image\/\",\"url\":\"https:\/\/camp-lumi.com\/wp-content\/uploads\/2022\/10\/camp-lumi-logo.svg\",\"contentUrl\":\"https:\/\/camp-lumi.com\/wp-content\/uploads\/2022\/10\/camp-lumi-logo.svg\",\"caption\":\"Camp Lumi\"},\"image\":{\"@id\":\"https:\/\/camp-lumi.com\/fr\/#\/schema\/logo\/image\/\"}}]}<\/script>\n<!-- \/ Yoast SEO plugin. -->","yoast_head_json":{"title":"Tarifs du camp de jour en \u00e9t\u00e9 \u00e0 Montr\u00e9al, Qu\u00e9bec - Camp Lumi","description":"D\u00e9couvrez les meilleurs tarifs pour les camps de jour en \u00e9t\u00e9 \u00e0 Montr\u00e9al. Nous offrons un service de camp \u00e0 prix abordable pour vos enfants - Camp Lumi","robots":{"index":"index","follow":"follow","max-snippet":"max-snippet:-1","max-image-preview":"max-image-preview:large","max-video-preview":"max-video-preview:-1"},"canonical":"https:\/\/camp-lumi.com\/fr\/les-taux\/","og_locale":"fr_FR","og_type":"article","og_title":"Tarifs du camp de jour en \u00e9t\u00e9 \u00e0 Montr\u00e9al, Qu\u00e9bec - Camp Lumi","og_description":"D\u00e9couvrez les meilleurs tarifs pour les camps de jour en \u00e9t\u00e9 \u00e0 Montr\u00e9al. Nous offrons un service de camp \u00e0 prix abordable pour vos enfants - Camp Lumi","og_url":"https:\/\/camp-lumi.com\/fr\/les-taux\/","og_site_name":"Camp Lumi","article_modified_time":"2026-04-09T16:56:21+00:00","og_image":[{"width":1201,"height":631,"url":"https:\/\/camp-lumi.com\/wp-content\/uploads\/2022\/12\/camp-lumi-kids-summer-day-camp-montreal-logo-fb.jpg","type":"image\/jpeg"}],"twitter_card":"summary_large_image","twitter_misc":{"Dur\u00e9e de lecture estim\u00e9e":"2 minutes"},"schema":{"@context":"https:\/\/schema.org","@graph":[{"@type":"WebPage","@id":"https:\/\/camp-lumi.com\/fr\/les-taux\/","url":"https:\/\/camp-lumi.com\/fr\/les-taux\/","name":"Tarifs du camp de jour en \u00e9t\u00e9 \u00e0 Montr\u00e9al, Qu\u00e9bec - Camp Lumi","isPartOf":{"@id":"https:\/\/camp-lumi.com\/fr\/#website"},"datePublished":"2017-12-22T12:50:44+00:00","dateModified":"2026-04-09T16:56:21+00:00","description":"D\u00e9couvrez les meilleurs tarifs pour les camps de jour en \u00e9t\u00e9 \u00e0 Montr\u00e9al. Nous offrons un service de camp \u00e0 prix abordable pour vos enfants - Camp Lumi","breadcrumb":{"@id":"https:\/\/camp-lumi.com\/fr\/les-taux\/#breadcrumb"},"inLanguage":"fr-FR","potentialAction":[{"@type":"ReadAction","target":["https:\/\/camp-lumi.com\/fr\/les-taux\/"]}]},{"@type":"BreadcrumbList","@id":"https:\/\/camp-lumi.com\/fr\/les-taux\/#breadcrumb","itemListElement":[{"@type":"ListItem","position":1,"name":"Home","item":"https:\/\/camp-lumi.com\/fr\/"},{"@type":"ListItem","position":2,"name":"Les taux"}]},{"@type":"WebSite","@id":"https:\/\/camp-lumi.com\/fr\/#website","url":"https:\/\/camp-lumi.com\/fr\/","name":"Camp Lumi","description":"Camp d&#039;\u00e9t\u00e9 stimulant et excitant pour chaque enfant.","publisher":{"@id":"https:\/\/camp-lumi.com\/fr\/#organization"},"potentialAction":[{"@type":"SearchAction","target":{"@type":"EntryPoint","urlTemplate":"https:\/\/camp-lumi.com\/fr\/?s={search_term_string}"},"query-input":{"@type":"PropertyValueSpecification","valueRequired":true,"valueName":"search_term_string"}}],"inLanguage":"fr-FR"},{"@type":"Organization","@id":"https:\/\/camp-lumi.com\/fr\/#organization","name":"Camp Lumi","url":"https:\/\/camp-lumi.com\/fr\/","logo":{"@type":"ImageObject","inLanguage":"fr-FR","@id":"https:\/\/camp-lumi.com\/fr\/#\/schema\/logo\/image\/","url":"https:\/\/camp-lumi.com\/wp-content\/uploads\/2022\/10\/camp-lumi-logo.svg","contentUrl":"https:\/\/camp-lumi.com\/wp-content\/uploads\/2022\/10\/camp-lumi-logo.svg","caption":"Camp Lumi"},"image":{"@id":"https:\/\/camp-lumi.com\/fr\/#\/schema\/logo\/image\/"}}]}},"_links":{"self":[{"href":"https:\/\/camp-lumi.com\/fr\/wp-json\/wp\/v2\/pages\/97","targetHints":{"allow":["GET"]}}],"collection":[{"href":"https:\/\/camp-lumi.com\/fr\/wp-json\/wp\/v2\/pages"}],"about":[{"href":"https:\/\/camp-lumi.com\/fr\/wp-json\/wp\/v2\/types\/page"}],"author":[{"embeddable":true,"href":"https:\/\/camp-lumi.com\/fr\/wp-json\/wp\/v2\/users\/1"}],"replies":[{"embeddable":true,"href":"https:\/\/camp-lumi.com\/fr\/wp-json\/wp\/v2\/comments?post=97"}],"version-history":[{"count":9,"href":"https:\/\/camp-lumi.com\/fr\/wp-json\/wp\/v2\/pages\/97\/revisions"}],"predecessor-version":[{"id":3203,"href":"https:\/\/camp-lumi.com\/fr\/wp-json\/wp\/v2\/pages\/97\/revisions\/3203"}],"wp:attachment":[{"href":"https:\/\/camp-lumi.com\/fr\/wp-json\/wp\/v2\/media?parent=97"}],"curies":[{"name":"wp","href":"https:\/\/api.w.org\/{rel}","templated":true}]}}