
{"id":2728,"date":"2023-01-05T13:12:34","date_gmt":"2023-01-05T18:12:34","guid":{"rendered":"https:\/\/camp-lumi.com\/?page_id=2728"},"modified":"2025-04-09T07:44:27","modified_gmt":"2025-04-09T11:44:27","slug":"blogue","status":"publish","type":"page","link":"https:\/\/camp-lumi.com\/fr\/blogue\/","title":{"rendered":"Blogue"},"content":{"rendered":"<div class=\"wpb-content-wrapper\"><p>[vc_row full_width=\u00a0\u00bbstretch_row_content_no_spaces\u00a0\u00bb hide_bg_image_on_tablet=\u00a0\u00bb\u00a0\u00bb hide_bg_image_on_mobile=\u00a0\u00bb\u00a0\u00bb][vc_column icons_position=\u00a0\u00bbleft\u00a0\u00bb][vc_single_image image=\u00a0\u00bb1970&Prime; img_size=\u00a0\u00bbfull\u00a0\u00bb][\/vc_column][\/vc_row][vc_row full_width=\u00a0\u00bbstretch_row_content_no_spaces\u00a0\u00bb][vc_column icons_position=\u00a0\u00bbleft\u00a0\u00bb][vc_row_inner hide_bg_image_on_tablet=\u00a0\u00bb\u00a0\u00bb hide_bg_image_on_mobile=\u00a0\u00bb\u00a0\u00bb row_delimiter=\u00a0\u00bb\u00a0\u00bb el_class=\u00a0\u00bbz-index-1 page-cover-wave\u00a0\u00bb][vc_column_inner hide_bg_image_on_tablet=\u00a0\u00bb\u00a0\u00bb hide_bg_image_on_mobile=\u00a0\u00bb\u00a0\u00bb icons_position=\u00a0\u00bbleft\u00a0\u00bb css=\u00a0\u00bb.vc_custom_1667566782659{background-image: url(https:\/\/camp-lumi.com\/wp-content\/uploads\/2022\/11\/camp-lumi-kids-summer-day-camp-montreal-home-slider-waves.png?id=1850) !important;background-position: bottom center !important;background-repeat: no-repeat !important;background-size: cover !important;}\u00a0\u00bb]<div id=\"sc_title_1375584670\"\r\n\t\tclass=\"sc_title color_style_default sc_title_default page-cover-title\"><h1 class=\"sc_item_title sc_title_title sc_align_left sc_item_title_style_default sc_item_title_tag\">Bloguer<\/h1><\/div><!-- \/.sc_title -->[vc_empty_space height=\u00a0\u00bb28vw\u00a0\u00bb alter_height=\u00a0\u00bbnone\u00a0\u00bb hide_on_desktop=\u00a0\u00bb\u00a0\u00bb hide_on_notebook=\u00a0\u00bb\u00a0\u00bb hide_on_tablet=\u00a0\u00bb\u00a0\u00bb hide_on_mobile=\u00a0\u00bb\u00a0\u00bb][\/vc_column_inner][\/vc_row_inner][\/vc_column][\/vc_row][vc_row][vc_column icons_position=\u00a0\u00bbleft\u00a0\u00bb][vc_empty_space height=\u00a0\u00bb4.6vw\u00a0\u00bb alter_height=\u00a0\u00bbnone\u00a0\u00bb hide_on_desktop=\u00a0\u00bb\u00a0\u00bb hide_on_notebook=\u00a0\u00bb\u00a0\u00bb hide_on_tablet=\u00a0\u00bb\u00a0\u00bb hide_on_mobile=\u00a0\u00bb\u00a0\u00bb]<div  id=\"sc_blogger_44318880\"\t\tclass=\"sc_blogger color_style_default sc_blogger_default transparent\"><div class=\"sc_blogger_columns_wrap sc_item_columns sc_item_posts_container trx_addons_columns_wrap columns_padding_bottom\"><div class=\"trx_addons_column-1_3\"><div class=\"sc_blogger_item post_format_standard post-2780 post type-post status-publish format-standard has-post-thumbnail hentry category-non-classifiee\">        <div class=\"post_featured_wrap\">            <div class=\"post_featured_date\">\n                <div class=\"post_featured_date_d\">09<\/div>\n                <div class=\"post_featured_date_m\">F\u00e9v<\/div>\n            <\/div>\n        <div class=\"post_featured with_thumb hover_icon sc_blogger_item_featured\"><img loading=\"lazy\" decoding=\"async\" width=\"407\" height=\"275\" src=\"https:\/\/camp-lumi.com\/wp-content\/uploads\/2023\/10\/IMG_9891-1-407x275.jpg\" class=\"attachment-the_mounty-thumb-med size-the_mounty-thumb-med wp-post-image\" alt=\"\" \/><div class=\"mask\"><\/div><div class=\"icons\"><a href=\"https:\/\/camp-lumi.com\/fr\/trouver-le-camp-dete-ideal-ce-quil-faut-considerer\/\" aria-hidden=\"true\" class=\"icon-015_link\"><\/a><\/div><\/div><\/div><div class=\"sc_blogger_item_content entry-content\"><div class=\"sc_blogger_item_header entry-header\"><div class=\"post_meta\">\t\t\t\t\t\t<a class=\"post_meta_item post_author\" rel=\"author\" href=\"https:\/\/camp-lumi.com\/fr\/author\/camplumi\/\">\n\t\t\t\t\t\t\tAmanda Cohen\t\t\t\t\t\t<\/a>\n\t\t\t\t\t\t<\/div><!-- .post_meta --><h4 class=\"sc_blogger_item_title entry-title\"><a href=\"https:\/\/camp-lumi.com\/fr\/trouver-le-camp-dete-ideal-ce-quil-faut-considerer\/\" rel=\"bookmark\">Trouver le camp d&rsquo;\u00e9t\u00e9 id\u00e9al : ce qu&rsquo;il faut consid\u00e9rer<\/a><\/h4><\/div><!-- .entry-header --><div class=\"sc_blogger_item_excerpt\">\n\t\t\t\t<div class=\"sc_blogger_item_excerpt_text\">\n\t\t\t\t\t<p>L\u2019\u00e9t\u00e9 arrive \u00e0 grands pas et les parents doivent d\u00e9cider quel camp convient le mieux \u00e0 leurs enfants. Il existe de nombreux camps d&rsquo;\u00e9t\u00e9 \u00e0 Montr\u00e9al ; plongeons dans ce qu&rsquo;il faut rechercher dans un camp d&rsquo;\u00e9t\u00e9. Est-il centr\u00e9 sur les sports ? Y a-t-il un programme d\u2019arts ? Y a-t-il un programme de direction ? Y a-t-il un plan&hellip;<\/p>\n\t\t\t\t<\/div>\n\t\t\t\t<\/div><!-- .sc_blogger_item_excerpt --><\/div><!-- .entry-content --><\/div><!-- .sc_blogger_item --><\/div><div class=\"trx_addons_column-1_3\"><div class=\"sc_blogger_item post_format_standard post-2861 post type-post status-publish format-standard has-post-thumbnail hentry category-non-classifiee\">        <div class=\"post_featured_wrap\">            <div class=\"post_featured_date\">\n                <div class=\"post_featured_date_d\">22<\/div>\n                <div class=\"post_featured_date_m\">Mar<\/div>\n            <\/div>\n        <div class=\"post_featured with_thumb hover_icon sc_blogger_item_featured\"><img loading=\"lazy\" decoding=\"async\" width=\"407\" height=\"275\" src=\"https:\/\/camp-lumi.com\/wp-content\/uploads\/2023\/03\/IMG_0368-407x275.jpg\" class=\"attachment-the_mounty-thumb-med size-the_mounty-thumb-med wp-post-image\" alt=\"\" \/><div class=\"mask\"><\/div><div class=\"icons\"><a href=\"https:\/\/camp-lumi.com\/fr\/la-philosophie-de-lumi\/\" aria-hidden=\"true\" class=\"icon-015_link\"><\/a><\/div><\/div><\/div><div class=\"sc_blogger_item_content entry-content\"><div class=\"sc_blogger_item_header entry-header\"><div class=\"post_meta\">\t\t\t\t\t\t<a class=\"post_meta_item post_author\" rel=\"author\" href=\"https:\/\/camp-lumi.com\/fr\/author\/camplumi\/\">\n\t\t\t\t\t\t\tAmanda Cohen\t\t\t\t\t\t<\/a>\n\t\t\t\t\t\t<\/div><!-- .post_meta --><h4 class=\"sc_blogger_item_title entry-title\"><a href=\"https:\/\/camp-lumi.com\/fr\/la-philosophie-de-lumi\/\" rel=\"bookmark\">La philosophie de Lumi<\/a><\/h4><\/div><!-- .entry-header --><div class=\"sc_blogger_item_excerpt\">\n\t\t\t\t<div class=\"sc_blogger_item_excerpt_text\">\n\t\t\t\t\t<p>Le camp d&rsquo;\u00e9t\u00e9 consiste \u00e0 s&rsquo;amuser, \u00e0 explorer de nouveaux centres d&rsquo;int\u00e9r\u00eat, \u00e0 perfectionner ses comp\u00e9tences et \u00e0 entretenir des relations fructueuses, de sorte que chaque jour m\u00e9rite d&rsquo;\u00eatre racont\u00e9.&nbsp; Chaque jour, les campeurs rentrent du Camp Lumi avec une histoire passionnante de leur journ\u00e9e.&nbsp; Nous voulions ouvrir un camp qui ferait s&rsquo;illuminer les enfants d&rsquo;excitation avec la combinaison de&hellip;<\/p>\n\t\t\t\t<\/div>\n\t\t\t\t<\/div><!-- .sc_blogger_item_excerpt --><\/div><!-- .entry-content --><\/div><!-- .sc_blogger_item --><\/div><div class=\"trx_addons_column-1_3\"><div class=\"sc_blogger_item post_format_standard post-2870 post type-post status-publish format-standard has-post-thumbnail hentry category-non-classifiee\">        <div class=\"post_featured_wrap\">            <div class=\"post_featured_date\">\n                <div class=\"post_featured_date_d\">29<\/div>\n                <div class=\"post_featured_date_m\">Mar<\/div>\n            <\/div>\n        <div class=\"post_featured with_thumb hover_icon sc_blogger_item_featured\"><img loading=\"lazy\" decoding=\"async\" width=\"407\" height=\"275\" src=\"https:\/\/camp-lumi.com\/wp-content\/uploads\/2023\/10\/IMG_9994-1-407x275.jpg\" class=\"attachment-the_mounty-thumb-med size-the_mounty-thumb-med wp-post-image\" alt=\"\" \/><div class=\"mask\"><\/div><div class=\"icons\"><a href=\"https:\/\/camp-lumi.com\/fr\/avantages-denvoyer-vos-enfants-dans-un-camp-dete\/\" aria-hidden=\"true\" class=\"icon-015_link\"><\/a><\/div><\/div><\/div><div class=\"sc_blogger_item_content entry-content\"><div class=\"sc_blogger_item_header entry-header\"><div class=\"post_meta\">\t\t\t\t\t\t<a class=\"post_meta_item post_author\" rel=\"author\" href=\"https:\/\/camp-lumi.com\/fr\/author\/camplumi\/\">\n\t\t\t\t\t\t\tAmanda Cohen\t\t\t\t\t\t<\/a>\n\t\t\t\t\t\t<\/div><!-- .post_meta --><h4 class=\"sc_blogger_item_title entry-title\"><a href=\"https:\/\/camp-lumi.com\/fr\/avantages-denvoyer-vos-enfants-dans-un-camp-dete\/\" rel=\"bookmark\">Avantages d&rsquo;envoyer vos enfants dans un camp d&rsquo;\u00e9t\u00e9<\/a><\/h4><\/div><!-- .entry-header --><div class=\"sc_blogger_item_excerpt\">\n\t\t\t\t<div class=\"sc_blogger_item_excerpt_text\">\n\t\t\t\t\t<p>Les camps d&rsquo;\u00e9t\u00e9 offrent aux enfants un environnement merveilleux qui leur permet de grandir et de d\u00e9velopper des comp\u00e9tences qui leur serviront toute leur vie. Les enfants ont la possibilit\u00e9 de s&rsquo;\u00e9panouir sur le plan \u00e9motionnel, physique et social. Ils acqui\u00e8rent de nouvelles comp\u00e9tences et essaient de nombreux types d&rsquo;activit\u00e9s. Ils vont d\u00e9velopper de nouvelles amiti\u00e9s et acqui\u00e8rent des comp\u00e9tences&hellip;<\/p>\n\t\t\t\t<\/div>\n\t\t\t\t<\/div><!-- .sc_blogger_item_excerpt --><\/div><!-- .entry-content --><\/div><!-- .sc_blogger_item --><\/div><\/div><\/div>[\/vc_column][\/vc_row][vc_row][vc_column icons_position=\u00a0\u00bbleft\u00a0\u00bb][vc_empty_space height=\u00a0\u00bb5vw\u00a0\u00bb alter_height=\u00a0\u00bbnone\u00a0\u00bb hide_on_desktop=\u00a0\u00bb\u00a0\u00bb hide_on_notebook=\u00a0\u00bb\u00a0\u00bb hide_on_tablet=\u00a0\u00bb\u00a0\u00bb hide_on_mobile=\u00a0\u00bb\u00a0\u00bb][\/vc_column][\/vc_row]<\/p>\n<\/div>","protected":false},"excerpt":{"rendered":"<p>[vc_row full_width=\u00a0\u00bbstretch_row_content_no_spaces\u00a0\u00bb hide_bg_image_on_tablet=\u00a0\u00bb\u00a0\u00bb hide_bg_image_on_mobile=\u00a0\u00bb\u00a0\u00bb][vc_column icons_position=\u00a0\u00bbleft\u00a0\u00bb][vc_single_image image=\u00a0\u00bb1970&Prime; img_size=\u00a0\u00bbfull\u00a0\u00bb][\/vc_column][\/vc_row][vc_row full_width=\u00a0\u00bbstretch_row_content_no_spaces\u00a0\u00bb][vc_column icons_position=\u00a0\u00bbleft\u00a0\u00bb][vc_row_inner hide_bg_image_on_tablet=\u00a0\u00bb\u00a0\u00bb hide_bg_image_on_mobile=\u00a0\u00bb\u00a0\u00bb row_delimiter=\u00a0\u00bb\u00a0\u00bb el_class=\u00a0\u00bbz-index-1 page-cover-wave\u00a0\u00bb][vc_column_inner hide_bg_image_on_tablet=\u00a0\u00bb\u00a0\u00bb hide_bg_image_on_mobile=\u00a0\u00bb\u00a0\u00bb icons_position=\u00a0\u00bbleft\u00a0\u00bb css=\u00a0\u00bb.vc_custom_1667566782659{background-image: url(https:\/\/camp-lumi.com\/wp-content\/uploads\/2022\/11\/camp-lumi-kids-summer-day-camp-montreal-home-slider-waves.png?id=1850) !important;background-position: bottom center !important;background-repeat: no-repeat !important;background-size: cover !important;}\u00a0\u00bb][vc_empty_space height=\u00a0\u00bb28vw\u00a0\u00bb alter_height=\u00a0\u00bbnone\u00a0\u00bb hide_on_desktop=\u00a0\u00bb\u00a0\u00bb hide_on_notebook=\u00a0\u00bb\u00a0\u00bb hide_on_tablet=\u00a0\u00bb\u00a0\u00bb hide_on_mobile=\u00a0\u00bb\u00a0\u00bb][\/vc_column_inner][\/vc_row_inner][\/vc_column][\/vc_row][vc_row][vc_column icons_position=\u00a0\u00bbleft\u00a0\u00bb][vc_empty_space height=\u00a0\u00bb4.6vw\u00a0\u00bb alter_height=\u00a0\u00bbnone\u00a0\u00bb hide_on_desktop=\u00a0\u00bb\u00a0\u00bb hide_on_notebook=\u00a0\u00bb\u00a0\u00bb hide_on_tablet=\u00a0\u00bb\u00a0\u00bb hide_on_mobile=\u00a0\u00bb\u00a0\u00bb][\/vc_column][\/vc_row][vc_row][vc_column icons_position=\u00a0\u00bbleft\u00a0\u00bb][vc_empty_space height=\u00a0\u00bb5vw\u00a0\u00bb alter_height=\u00a0\u00bbnone\u00a0\u00bb hide_on_desktop=\u00a0\u00bb\u00a0\u00bb hide_on_notebook=\u00a0\u00bb\u00a0\u00bb hide_on_tablet=\u00a0\u00bb\u00a0\u00bb hide_on_mobile=\u00a0\u00bb\u00a0\u00bb][\/vc_column][\/vc_row]<\/p>\n","protected":false},"author":1,"featured_media":0,"parent":0,"menu_order":0,"comment_status":"closed","ping_status":"closed","template":"","meta":{"inline_featured_image":false,"footnotes":""},"class_list":["post-2728","page","type-page","status-publish","hentry"],"yoast_head":"<!-- This site is optimized with the Yoast SEO plugin v27.1.1 - https:\/\/yoast.com\/product\/yoast-seo-wordpress\/ -->\n<title>Camp Lumi Blog - Camp de jour pour les enfants \u00e0 Montr\u00e9al<\/title>\n<meta name=\"description\" content=\"Le meilleur site pour apprendre tout ce que vous devez savoir sur les camps d&#039;\u00e9t\u00e9 \u00e0 Montr\u00e9al, y compris les guides, les conseils et bien plus encore.\" \/>\n<meta name=\"robots\" content=\"index, follow, max-snippet:-1, max-image-preview:large, max-video-preview:-1\" \/>\n<link rel=\"canonical\" href=\"https:\/\/camp-lumi.com\/fr\/blogue\/\" \/>\n<meta property=\"og:locale\" content=\"fr_FR\" \/>\n<meta property=\"og:type\" content=\"article\" \/>\n<meta property=\"og:title\" content=\"Camp Lumi Blog - Camp de jour pour les enfants \u00e0 Montr\u00e9al\" \/>\n<meta property=\"og:description\" content=\"Le meilleur site pour apprendre tout ce que vous devez savoir sur les camps d&#039;\u00e9t\u00e9 \u00e0 Montr\u00e9al, y compris les guides, les conseils et bien plus encore.\" \/>\n<meta property=\"og:url\" content=\"https:\/\/camp-lumi.com\/fr\/blogue\/\" \/>\n<meta property=\"og:site_name\" content=\"Camp Lumi\" \/>\n<meta property=\"article:modified_time\" content=\"2025-04-09T11:44:27+00:00\" \/>\n<meta property=\"og:image\" content=\"https:\/\/camp-lumi.com\/wp-content\/uploads\/2022\/12\/camp-lumi-kids-summer-day-camp-montreal-logo-fb.jpg\" \/>\n\t<meta property=\"og:image:width\" content=\"1201\" \/>\n\t<meta property=\"og:image:height\" content=\"631\" \/>\n\t<meta property=\"og:image:type\" content=\"image\/jpeg\" \/>\n<meta name=\"twitter:card\" content=\"summary_large_image\" \/>\n<meta name=\"twitter:label1\" content=\"Dur\u00e9e de lecture estim\u00e9e\" \/>\n\t<meta name=\"twitter:data1\" content=\"1 minute\" \/>\n<script type=\"application\/ld+json\" class=\"yoast-schema-graph\">{\"@context\":\"https:\/\/schema.org\",\"@graph\":[{\"@type\":\"WebPage\",\"@id\":\"https:\/\/camp-lumi.com\/fr\/blogue\/\",\"url\":\"https:\/\/camp-lumi.com\/fr\/blogue\/\",\"name\":\"Camp Lumi Blog - Camp de jour pour les enfants \u00e0 Montr\u00e9al\",\"isPartOf\":{\"@id\":\"https:\/\/camp-lumi.com\/fr\/#website\"},\"datePublished\":\"2023-01-05T18:12:34+00:00\",\"dateModified\":\"2025-04-09T11:44:27+00:00\",\"description\":\"Le meilleur site pour apprendre tout ce que vous devez savoir sur les camps d'\u00e9t\u00e9 \u00e0 Montr\u00e9al, y compris les guides, les conseils et bien plus encore.\",\"breadcrumb\":{\"@id\":\"https:\/\/camp-lumi.com\/fr\/blogue\/#breadcrumb\"},\"inLanguage\":\"fr-FR\",\"potentialAction\":[{\"@type\":\"ReadAction\",\"target\":[\"https:\/\/camp-lumi.com\/fr\/blogue\/\"]}]},{\"@type\":\"BreadcrumbList\",\"@id\":\"https:\/\/camp-lumi.com\/fr\/blogue\/#breadcrumb\",\"itemListElement\":[{\"@type\":\"ListItem\",\"position\":1,\"name\":\"Home\",\"item\":\"https:\/\/camp-lumi.com\/fr\/\"},{\"@type\":\"ListItem\",\"position\":2,\"name\":\"Blogue\"}]},{\"@type\":\"WebSite\",\"@id\":\"https:\/\/camp-lumi.com\/fr\/#website\",\"url\":\"https:\/\/camp-lumi.com\/fr\/\",\"name\":\"Camp Lumi\",\"description\":\"Camp d&#039;\u00e9t\u00e9 stimulant et excitant pour chaque enfant.\",\"publisher\":{\"@id\":\"https:\/\/camp-lumi.com\/fr\/#organization\"},\"potentialAction\":[{\"@type\":\"SearchAction\",\"target\":{\"@type\":\"EntryPoint\",\"urlTemplate\":\"https:\/\/camp-lumi.com\/fr\/?s={search_term_string}\"},\"query-input\":{\"@type\":\"PropertyValueSpecification\",\"valueRequired\":true,\"valueName\":\"search_term_string\"}}],\"inLanguage\":\"fr-FR\"},{\"@type\":\"Organization\",\"@id\":\"https:\/\/camp-lumi.com\/fr\/#organization\",\"name\":\"Camp Lumi\",\"url\":\"https:\/\/camp-lumi.com\/fr\/\",\"logo\":{\"@type\":\"ImageObject\",\"inLanguage\":\"fr-FR\",\"@id\":\"https:\/\/camp-lumi.com\/fr\/#\/schema\/logo\/image\/\",\"url\":\"https:\/\/camp-lumi.com\/wp-content\/uploads\/2022\/10\/camp-lumi-logo.svg\",\"contentUrl\":\"https:\/\/camp-lumi.com\/wp-content\/uploads\/2022\/10\/camp-lumi-logo.svg\",\"caption\":\"Camp Lumi\"},\"image\":{\"@id\":\"https:\/\/camp-lumi.com\/fr\/#\/schema\/logo\/image\/\"}}]}<\/script>\n<!-- \/ Yoast SEO plugin. -->","yoast_head_json":{"title":"Camp Lumi Blog - Camp de jour pour les enfants \u00e0 Montr\u00e9al","description":"Le meilleur site pour apprendre tout ce que vous devez savoir sur les camps d'\u00e9t\u00e9 \u00e0 Montr\u00e9al, y compris les guides, les conseils et bien plus encore.","robots":{"index":"index","follow":"follow","max-snippet":"max-snippet:-1","max-image-preview":"max-image-preview:large","max-video-preview":"max-video-preview:-1"},"canonical":"https:\/\/camp-lumi.com\/fr\/blogue\/","og_locale":"fr_FR","og_type":"article","og_title":"Camp Lumi Blog - Camp de jour pour les enfants \u00e0 Montr\u00e9al","og_description":"Le meilleur site pour apprendre tout ce que vous devez savoir sur les camps d'\u00e9t\u00e9 \u00e0 Montr\u00e9al, y compris les guides, les conseils et bien plus encore.","og_url":"https:\/\/camp-lumi.com\/fr\/blogue\/","og_site_name":"Camp Lumi","article_modified_time":"2025-04-09T11:44:27+00:00","og_image":[{"width":1201,"height":631,"url":"https:\/\/camp-lumi.com\/wp-content\/uploads\/2022\/12\/camp-lumi-kids-summer-day-camp-montreal-logo-fb.jpg","type":"image\/jpeg"}],"twitter_card":"summary_large_image","twitter_misc":{"Dur\u00e9e de lecture estim\u00e9e":"1 minute"},"schema":{"@context":"https:\/\/schema.org","@graph":[{"@type":"WebPage","@id":"https:\/\/camp-lumi.com\/fr\/blogue\/","url":"https:\/\/camp-lumi.com\/fr\/blogue\/","name":"Camp Lumi Blog - Camp de jour pour les enfants \u00e0 Montr\u00e9al","isPartOf":{"@id":"https:\/\/camp-lumi.com\/fr\/#website"},"datePublished":"2023-01-05T18:12:34+00:00","dateModified":"2025-04-09T11:44:27+00:00","description":"Le meilleur site pour apprendre tout ce que vous devez savoir sur les camps d'\u00e9t\u00e9 \u00e0 Montr\u00e9al, y compris les guides, les conseils et bien plus encore.","breadcrumb":{"@id":"https:\/\/camp-lumi.com\/fr\/blogue\/#breadcrumb"},"inLanguage":"fr-FR","potentialAction":[{"@type":"ReadAction","target":["https:\/\/camp-lumi.com\/fr\/blogue\/"]}]},{"@type":"BreadcrumbList","@id":"https:\/\/camp-lumi.com\/fr\/blogue\/#breadcrumb","itemListElement":[{"@type":"ListItem","position":1,"name":"Home","item":"https:\/\/camp-lumi.com\/fr\/"},{"@type":"ListItem","position":2,"name":"Blogue"}]},{"@type":"WebSite","@id":"https:\/\/camp-lumi.com\/fr\/#website","url":"https:\/\/camp-lumi.com\/fr\/","name":"Camp Lumi","description":"Camp d&#039;\u00e9t\u00e9 stimulant et excitant pour chaque enfant.","publisher":{"@id":"https:\/\/camp-lumi.com\/fr\/#organization"},"potentialAction":[{"@type":"SearchAction","target":{"@type":"EntryPoint","urlTemplate":"https:\/\/camp-lumi.com\/fr\/?s={search_term_string}"},"query-input":{"@type":"PropertyValueSpecification","valueRequired":true,"valueName":"search_term_string"}}],"inLanguage":"fr-FR"},{"@type":"Organization","@id":"https:\/\/camp-lumi.com\/fr\/#organization","name":"Camp Lumi","url":"https:\/\/camp-lumi.com\/fr\/","logo":{"@type":"ImageObject","inLanguage":"fr-FR","@id":"https:\/\/camp-lumi.com\/fr\/#\/schema\/logo\/image\/","url":"https:\/\/camp-lumi.com\/wp-content\/uploads\/2022\/10\/camp-lumi-logo.svg","contentUrl":"https:\/\/camp-lumi.com\/wp-content\/uploads\/2022\/10\/camp-lumi-logo.svg","caption":"Camp Lumi"},"image":{"@id":"https:\/\/camp-lumi.com\/fr\/#\/schema\/logo\/image\/"}}]}},"_links":{"self":[{"href":"https:\/\/camp-lumi.com\/fr\/wp-json\/wp\/v2\/pages\/2728","targetHints":{"allow":["GET"]}}],"collection":[{"href":"https:\/\/camp-lumi.com\/fr\/wp-json\/wp\/v2\/pages"}],"about":[{"href":"https:\/\/camp-lumi.com\/fr\/wp-json\/wp\/v2\/types\/page"}],"author":[{"embeddable":true,"href":"https:\/\/camp-lumi.com\/fr\/wp-json\/wp\/v2\/users\/1"}],"replies":[{"embeddable":true,"href":"https:\/\/camp-lumi.com\/fr\/wp-json\/wp\/v2\/comments?post=2728"}],"version-history":[{"count":2,"href":"https:\/\/camp-lumi.com\/fr\/wp-json\/wp\/v2\/pages\/2728\/revisions"}],"predecessor-version":[{"id":3136,"href":"https:\/\/camp-lumi.com\/fr\/wp-json\/wp\/v2\/pages\/2728\/revisions\/3136"}],"wp:attachment":[{"href":"https:\/\/camp-lumi.com\/fr\/wp-json\/wp\/v2\/media?parent=2728"}],"curies":[{"name":"wp","href":"https:\/\/api.w.org\/{rel}","templated":true}]}}