
{"id":2661,"date":"2022-12-19T09:29:49","date_gmt":"2022-12-19T14:29:49","guid":{"rendered":"https:\/\/camp-lumi.com\/?page_id=2661"},"modified":"2023-03-31T01:00:13","modified_gmt":"2023-03-31T05:00:13","slug":"conditions-dutilisation","status":"publish","type":"page","link":"https:\/\/camp-lumi.com\/fr\/conditions-dutilisation\/","title":{"rendered":"Conditions D&rsquo;utilisation"},"content":{"rendered":"<div class=\"wpb-content-wrapper\"><p>[vc_row full_width=\u00a0\u00bbstretch_row_content_no_spaces\u00a0\u00bb][vc_column icons_position=\u00a0\u00bbleft\u00a0\u00bb][vc_row_inner][vc_column_inner icons_position=\u00a0\u00bbleft\u00a0\u00bb][vc_single_image image=\u00a0\u00bb1979&Prime; img_size=\u00a0\u00bbfull\u00a0\u00bb alignment=\u00a0\u00bbcenter\u00a0\u00bb][\/vc_column_inner][\/vc_row_inner][\/vc_column][\/vc_row][vc_row full_width=\u00a0\u00bbstretch_row_content_no_spaces\u00a0\u00bb hide_bg_image_on_tablet=\u00a0\u00bb\u00a0\u00bb hide_bg_image_on_mobile=\u00a0\u00bb\u00a0\u00bb el_class=\u00a0\u00bbz-index-1&Prime;][vc_column icons_position=\u00a0\u00bbleft\u00a0\u00bb][vc_row_inner hide_bg_image_on_tablet=\u00a0\u00bb\u00a0\u00bb hide_bg_image_on_mobile=\u00a0\u00bb\u00a0\u00bb el_class=\u00a0\u00bbz-index-1 page-cover-wave\u00a0\u00bb][vc_column_inner hide_bg_image_on_tablet=\u00a0\u00bb\u00a0\u00bb hide_bg_image_on_mobile=\u00a0\u00bb\u00a0\u00bb icons_position=\u00a0\u00bbleft\u00a0\u00bb css=\u00a0\u00bb.vc_custom_1667568539938{background-image: url(https:\/\/camp-lumi.com\/wp-content\/uploads\/2022\/11\/camp-lumi-kids-summer-day-camp-montreal-home-slider-waves.png?id=1850) !important;background-position: bottom center !important;background-repeat: no-repeat !important;background-size: cover !important;}\u00a0\u00bb]<div id=\"sc_title_621443769\"\r\n\t\tclass=\"sc_title color_style_default sc_title_default page-cover-title\"><h1 class=\"sc_item_title sc_title_title sc_align_left sc_item_title_style_default sc_item_title_tag\">Conditions D'utilisation<\/h1><\/div><!-- \/.sc_title -->[vc_empty_space height=\u00a0\u00bb27.5vw\u00a0\u00bb alter_height=\u00a0\u00bbnone\u00a0\u00bb hide_on_desktop=\u00a0\u00bb\u00a0\u00bb hide_on_notebook=\u00a0\u00bb\u00a0\u00bb hide_on_tablet=\u00a0\u00bb\u00a0\u00bb hide_on_mobile=\u00a0\u00bb\u00a0\u00bb][\/vc_column_inner][\/vc_row_inner][\/vc_column][\/vc_row][vc_row][vc_column icons_position=\u00a0\u00bbleft\u00a0\u00bb][vc_empty_space height=\u00a0\u00bb2.6vw\u00a0\u00bb alter_height=\u00a0\u00bbnone\u00a0\u00bb hide_on_desktop=\u00a0\u00bb\u00a0\u00bb hide_on_notebook=\u00a0\u00bb\u00a0\u00bb hide_on_tablet=\u00a0\u00bb\u00a0\u00bb hide_on_mobile=\u00a0\u00bb\u00a0\u00bb]<div id=\"sc_title_2031493497\"\r\n\t\tclass=\"sc_title color_style_default sc_title_default\"><div class=\"sc_item_descr sc_title_descr sc_align_left\"><p>La navigation ou l'utilisation du site Web exploit\u00e9 par Camp Lumi (le \u00ab Site Web \u00bb) est assujettie aux pr\u00e9sentes conditions d'utilisation (les \u00ab Conditions d'utilisation \u00bb) et aux lois applicables.<\/p>\n<p>En poursuivant la navigation ou l'utilisation du Site Web Plateformes, vous acceptez express\u00e9ment ces Conditions d'utilisation. Celles-ci constituent une entente entre vous et Camp Lumi relativement \u00e0 l'acc\u00e8s aux Plateformes et \u00e0 leur utilisation.<\/p>\n<p>Camp Lumi se r\u00e9serve le droit de modifier ces Conditions d'utilisation sans vous en avertir. II est de votre seule responsabilit\u00e9 d'en v\u00e9rifier r\u00e9guli\u00e8rement le contenu. Si vous n'\u00eates pas d'accord avec ces Conditions d'utilisation, vous devez cesser imm\u00e9diatement d'utiliser le Site Web.<\/p>\n<p>La section Confidentialit\u00e9 sur le Site Web <a href=\"https:\/\/camp-lumi.com\/fr\/politique-de-confidentialite\/\">Politique De Confidentialit\u00e9<\/a> fait partie int\u00e9grante de ces Conditions d\u2019utilisation<\/p>\n<\/div><\/div><!-- \/.sc_title -->[\/vc_column][\/vc_row][vc_row][vc_column icons_position=\u00a0\u00bbleft\u00a0\u00bb][vc_empty_space height=\u00a0\u00bb1vw\u00a0\u00bb alter_height=\u00a0\u00bbnone\u00a0\u00bb hide_on_desktop=\u00a0\u00bb\u00a0\u00bb hide_on_notebook=\u00a0\u00bb\u00a0\u00bb hide_on_tablet=\u00a0\u00bb\u00a0\u00bb hide_on_mobile=\u00a0\u00bb\u00a0\u00bb]<div id=\"sc_title_1364775787\"\r\n\t\tclass=\"sc_title color_style_default sc_title_default\"><h5 class=\"sc_item_title sc_title_title sc_align_left sc_item_title_style_default sc_item_title_tag\">Sites Externes<\/h5><div class=\"sc_item_descr sc_title_descr sc_align_left\"><p>Le Site Web peut contenir des hyperliens vers d'autres sites Web (des sites externes). Ces hyperliens vous sont offerts \u00e0 titre d'information.<\/p>\n<p>Le contenu des sites externes, les liens qui y figurent, les produits ou les services fournis sur ces sites ne sont en aucun cas approuves, contr\u00f4les ni autorises par Camp Lumi. Camp Lumi n'assume aucune responsabilit\u00e9 a l'\u00e9gard de ces sites externes et ne peut pas \u00eatre tenue responsable de tout dommage d\u00e9coulant, notamment de ce qui suit :<\/p>\n<ul>\n<li>de tout contenu, tout lien, toute publicit\u00e9, tout produit, tout service ou tout autre mat\u00e9riel disponible sur des sites externes; ou<\/li>\n<li>de l'utilisation des sites externes; ou<\/li>\n<li>d'un manquement \u00e0 la protection de vos renseignements personnels par ces sites externes.<\/li>\n<\/ul>\n<p>Camp Lumi peut modifier, ajouter ou supprimer en tout temps les hyperliens disponibles sur son Site Web.<\/p>\n<\/div><\/div><!-- \/.sc_title -->[\/vc_column][\/vc_row][vc_row][vc_column icons_position=\u00a0\u00bbleft\u00a0\u00bb][vc_empty_space height=\u00a0\u00bb1vw\u00a0\u00bb alter_height=\u00a0\u00bbnone\u00a0\u00bb hide_on_desktop=\u00a0\u00bb\u00a0\u00bb hide_on_notebook=\u00a0\u00bb\u00a0\u00bb hide_on_tablet=\u00a0\u00bb\u00a0\u00bb hide_on_mobile=\u00a0\u00bb\u00a0\u00bb]<div id=\"sc_title_1318502726\"\r\n\t\tclass=\"sc_title color_style_default sc_title_default\"><h5 class=\"sc_item_title sc_title_title sc_align_left sc_item_title_style_default sc_item_title_tag\">Propri\u00e9t\u00e9<\/h5><div class=\"sc_item_descr sc_title_descr sc_align_left\"><p>Le contenu disponible sur le Site Web, y compris les documents, textes, images, illustrations, logiciels, extraits audios et vid\u00e9os (Contenu) sont la propri\u00e9t\u00e9 de Camp Lumi ou fournis par cette derni\u00e8re (ou ses fournisseurs le cas \u00e9ch\u00e9ant). A moins d'indication contraire, vous devez obtenir au pr\u00e9alable l'autorisation \u00e9crite de Camp Lumi avant d'utiliser, copier, publier ou diffuser le Contenu.<\/p>\n<\/div><\/div><!-- \/.sc_title -->[\/vc_column][\/vc_row][vc_row][vc_column icons_position=\u00a0\u00bbleft\u00a0\u00bb][vc_empty_space height=\u00a0\u00bb1vw\u00a0\u00bb alter_height=\u00a0\u00bbnone\u00a0\u00bb hide_on_desktop=\u00a0\u00bb\u00a0\u00bb hide_on_notebook=\u00a0\u00bb\u00a0\u00bb hide_on_tablet=\u00a0\u00bb\u00a0\u00bb hide_on_mobile=\u00a0\u00bb\u00a0\u00bb]<div id=\"sc_title_1407083095\"\r\n\t\tclass=\"sc_title color_style_default sc_title_default\"><h5 class=\"sc_item_title sc_title_title sc_align_left sc_item_title_style_default sc_item_title_tag\">Utilisation des Plateformes<\/h5><div class=\"sc_item_descr sc_title_descr sc_align_left\"><p>Toute communication men\u00e9e au moyen du Site Web ou des r\u00e9seaux sociaux doit se faire dans le respect des campeurs et des employ\u00e9s de Camp Lumi et des autres visiteurs. Camp Lumi ne peut \u00eatre tenue responsable des infractions commises par les visiteurs du Site Web ou de ses pages de r\u00e9seaux sociaux. Camp Lumi se r\u00e9serve le droit de modifier, limiter ou de refuser l'acc\u00e8s au Site Web et de ses r\u00e9seaux sociaux en tout temps, sans pr\u00e9avis.<\/p>\n<\/div><\/div><!-- \/.sc_title -->[\/vc_column][\/vc_row][vc_row][vc_column icons_position=\u00a0\u00bbleft\u00a0\u00bb][vc_empty_space height=\u00a0\u00bb1vw\u00a0\u00bb alter_height=\u00a0\u00bbnone\u00a0\u00bb hide_on_desktop=\u00a0\u00bb\u00a0\u00bb hide_on_notebook=\u00a0\u00bb\u00a0\u00bb hide_on_tablet=\u00a0\u00bb\u00a0\u00bb hide_on_mobile=\u00a0\u00bb\u00a0\u00bb]<div id=\"sc_title_1752635565\"\r\n\t\tclass=\"sc_title color_style_default sc_title_default\"><h5 class=\"sc_item_title sc_title_title sc_align_left sc_item_title_style_default sc_item_title_tag\">Lois Applicables<\/h5><div class=\"sc_item_descr sc_title_descr sc_align_left\"><p>Le Site Web et ces Conditions d'utilisation sont r\u00e9gies par les lois applicables au Quebec. Tout litige ou diff\u00e9rend s'y rapportant est soumis \u00e0 la comp\u00e9tence exclusive des tribunaux de cette province, dans le district de Montreal.<\/p>\n<\/div><\/div><!-- \/.sc_title -->[\/vc_column][\/vc_row][vc_row][vc_column icons_position=\u00a0\u00bbleft\u00a0\u00bb][vc_empty_space height=\u00a0\u00bb1vw\u00a0\u00bb alter_height=\u00a0\u00bbnone\u00a0\u00bb hide_on_desktop=\u00a0\u00bb\u00a0\u00bb hide_on_notebook=\u00a0\u00bb\u00a0\u00bb hide_on_tablet=\u00a0\u00bb\u00a0\u00bb hide_on_mobile=\u00a0\u00bb\u00a0\u00bb]<div id=\"sc_title_1279988788\"\r\n\t\tclass=\"sc_title color_style_default sc_title_default\"><h5 class=\"sc_item_title sc_title_title sc_align_left sc_item_title_style_default sc_item_title_tag\">Exclusions De Garantie<\/h5><div class=\"sc_item_descr sc_title_descr sc_align_left\"><p>Le Site Web et le Contenu sont fournis \u00ab tels quels \u00bb. Bien que Camp Lumi prenne les mesures raisonnables pour les tenir \u00e0 jour, ceux-ci peuvent \u00eatre modifies en tout temps. Par cons\u00e9quent, Camp Lumi ne peut pas vous garantir ce qui suit:<\/p>\n<ul>\n<li>que le Contenu est \u00e0 jour, exact ou complet; ou<\/li>\n<li>le rendement du Site Web ou son caract\u00e8re approprie a un usage particulier ou son fonctionnement sans interruption ou libre d'erreur, de d\u00e9fauts, de virus ou d'autres \u00e9l\u00e9ments nuisibles.<\/li>\n<\/ul>\n<p>\n<\/div><\/div><!-- \/.sc_title -->[\/vc_column][\/vc_row][vc_row][vc_column icons_position=\u00a0\u00bbleft\u00a0\u00bb][vc_empty_space height=\u00a0\u00bb1vw\u00a0\u00bb alter_height=\u00a0\u00bbnone\u00a0\u00bb hide_on_desktop=\u00a0\u00bb\u00a0\u00bb hide_on_notebook=\u00a0\u00bb\u00a0\u00bb hide_on_tablet=\u00a0\u00bb\u00a0\u00bb hide_on_mobile=\u00a0\u00bb\u00a0\u00bb]<div id=\"sc_title_951158236\"\r\n\t\tclass=\"sc_title color_style_default sc_title_default\"><h5 class=\"sc_item_title sc_title_title sc_align_left sc_item_title_style_default sc_item_title_tag\">Limitation De Responsabilit\u00e9<\/h5><div class=\"sc_item_descr sc_title_descr sc_align_left\"><p>Camp Lumi n'assume aucune responsabilit\u00e9 a l'\u00e9gard des dommages ou inconv\u00e9nients d\u00e9coulant du Site Web ou du Contenu, y compris de ce qui suit:<\/p>\n<ul>\n<li>l'utilisation, l'interruption, l'indisponibilit\u00e9, la non-accessibilit\u00e9 ou le non-fonctionnement du Site Web ou du Contenu; ou<\/li>\n<li>toute erreur, omission ou inexactitude du Contenu; ou<\/li>\n<li>l'incompatibilit\u00e9 du Site Web avec vos appareils ou syst\u00e8mes informatiques; ou<\/li>\n<li>la pr\u00e9sence d'\u00e9l\u00e9ments contaminants ou dommageables pour vos appareils ou syst\u00e8mes informatiques.<\/li>\n<\/ul>\n<p>Par ailleurs, Camp Lumi n'assume aucune responsabilit\u00e9 a l'\u00e9gard de tout acc\u00e8s non autorise \u00e0 votre syst\u00e8me informatique ou \u00e0 l'\u00e9gard de la qualit\u00e9, de la fiabilit\u00e9, de la compatibilit\u00e9 ou de la vitesse des services que vous offre votre fournisseur de service Internet.<\/p>\n<\/div><\/div><!-- \/.sc_title -->[\/vc_column][\/vc_row][vc_row][vc_column icons_position=\u00a0\u00bbleft\u00a0\u00bb][vc_empty_space height=\u00a0\u00bb1vw\u00a0\u00bb alter_height=\u00a0\u00bbnone\u00a0\u00bb hide_on_desktop=\u00a0\u00bb\u00a0\u00bb hide_on_notebook=\u00a0\u00bb\u00a0\u00bb hide_on_tablet=\u00a0\u00bb\u00a0\u00bb hide_on_mobile=\u00a0\u00bb\u00a0\u00bb]<div id=\"sc_title_1075764406\"\r\n\t\tclass=\"sc_title color_style_default sc_title_default\"><h5 class=\"sc_item_title sc_title_title sc_align_left sc_item_title_style_default sc_item_title_tag\">Pour En Savoir Plus<\/h5><div class=\"sc_item_descr sc_title_descr sc_align_left\"><p>Nous vous invitons \u00e0 communiquer avec nous a <a href=\"mailto:info@camp-lumi.com\">info@camp-lumi.com<\/a> si vous avez des questions ou des commentaires \u00e0 propos de ces Conditions d'utilisation.<\/p>\n<\/div><\/div><!-- \/.sc_title -->[vc_empty_space height=\u00a0\u00bb2.6vw\u00a0\u00bb alter_height=\u00a0\u00bbnone\u00a0\u00bb hide_on_desktop=\u00a0\u00bb\u00a0\u00bb hide_on_notebook=\u00a0\u00bb\u00a0\u00bb hide_on_tablet=\u00a0\u00bb\u00a0\u00bb hide_on_mobile=\u00a0\u00bb\u00a0\u00bb][\/vc_column][\/vc_row]<\/p>\n<\/div>","protected":false},"excerpt":{"rendered":"<p>[vc_row full_width=\u00a0\u00bbstretch_row_content_no_spaces\u00a0\u00bb][vc_column icons_position=\u00a0\u00bbleft\u00a0\u00bb][vc_row_inner][vc_column_inner icons_position=\u00a0\u00bbleft\u00a0\u00bb][vc_single_image image=\u00a0\u00bb1979&Prime; img_size=\u00a0\u00bbfull\u00a0\u00bb alignment=\u00a0\u00bbcenter\u00a0\u00bb][\/vc_column_inner][\/vc_row_inner][\/vc_column][\/vc_row][vc_row full_width=\u00a0\u00bbstretch_row_content_no_spaces\u00a0\u00bb hide_bg_image_on_tablet=\u00a0\u00bb\u00a0\u00bb hide_bg_image_on_mobile=\u00a0\u00bb\u00a0\u00bb el_class=\u00a0\u00bbz-index-1&Prime;][vc_column icons_position=\u00a0\u00bbleft\u00a0\u00bb][vc_row_inner hide_bg_image_on_tablet=\u00a0\u00bb\u00a0\u00bb hide_bg_image_on_mobile=\u00a0\u00bb\u00a0\u00bb el_class=\u00a0\u00bbz-index-1 page-cover-wave\u00a0\u00bb][vc_column_inner hide_bg_image_on_tablet=\u00a0\u00bb\u00a0\u00bb hide_bg_image_on_mobile=\u00a0\u00bb\u00a0\u00bb icons_position=\u00a0\u00bbleft\u00a0\u00bb css=\u00a0\u00bb.vc_custom_1667568539938{background-image: url(https:\/\/camp-lumi.com\/wp-content\/uploads\/2022\/11\/camp-lumi-kids-summer-day-camp-montreal-home-slider-waves.png?id=1850) !important;background-position: bottom center !important;background-repeat: no-repeat !important;background-size: cover !important;}\u00a0\u00bb][vc_empty_space height=\u00a0\u00bb27.5vw\u00a0\u00bb alter_height=\u00a0\u00bbnone\u00a0\u00bb hide_on_desktop=\u00a0\u00bb\u00a0\u00bb hide_on_notebook=\u00a0\u00bb\u00a0\u00bb hide_on_tablet=\u00a0\u00bb\u00a0\u00bb hide_on_mobile=\u00a0\u00bb\u00a0\u00bb][\/vc_column_inner][\/vc_row_inner][\/vc_column][\/vc_row][vc_row][vc_column icons_position=\u00a0\u00bbleft\u00a0\u00bb][vc_empty_space height=\u00a0\u00bb2.6vw\u00a0\u00bb alter_height=\u00a0\u00bbnone\u00a0\u00bb hide_on_desktop=\u00a0\u00bb\u00a0\u00bb hide_on_notebook=\u00a0\u00bb\u00a0\u00bb hide_on_tablet=\u00a0\u00bb\u00a0\u00bb hide_on_mobile=\u00a0\u00bb\u00a0\u00bb][\/vc_column][\/vc_row][vc_row][vc_column icons_position=\u00a0\u00bbleft\u00a0\u00bb][vc_empty_space height=\u00a0\u00bb1vw\u00a0\u00bb alter_height=\u00a0\u00bbnone\u00a0\u00bb hide_on_desktop=\u00a0\u00bb\u00a0\u00bb hide_on_notebook=\u00a0\u00bb\u00a0\u00bb hide_on_tablet=\u00a0\u00bb\u00a0\u00bb hide_on_mobile=\u00a0\u00bb\u00a0\u00bb][\/vc_column][\/vc_row][vc_row][vc_column icons_position=\u00a0\u00bbleft\u00a0\u00bb][vc_empty_space height=\u00a0\u00bb1vw\u00a0\u00bb alter_height=\u00a0\u00bbnone\u00a0\u00bb hide_on_desktop=\u00a0\u00bb\u00a0\u00bb hide_on_notebook=\u00a0\u00bb\u00a0\u00bb hide_on_tablet=\u00a0\u00bb\u00a0\u00bb hide_on_mobile=\u00a0\u00bb\u00a0\u00bb][\/vc_column][\/vc_row][vc_row][vc_column icons_position=\u00a0\u00bbleft\u00a0\u00bb][vc_empty_space height=\u00a0\u00bb1vw\u00a0\u00bb alter_height=\u00a0\u00bbnone\u00a0\u00bb hide_on_desktop=\u00a0\u00bb\u00a0\u00bb&hellip;<\/p>\n","protected":false},"author":1,"featured_media":0,"parent":0,"menu_order":0,"comment_status":"closed","ping_status":"closed","template":"","meta":{"inline_featured_image":false,"footnotes":""},"class_list":["post-2661","page","type-page","status-publish","hentry"],"yoast_head":"<!-- This site is optimized with the Yoast SEO plugin v27.1.1 - https:\/\/yoast.com\/product\/yoast-seo-wordpress\/ -->\n<title>Camp Lumi - Conditions D&#039;utilisation<\/title>\n<meta name=\"description\" content=\"En continuant \u00e0 naviguer ou \u00e0 utiliser le site web (https:\/\/camp-lumi.com), vous acceptez explicitement les pr\u00e9sentes conditions d&#039;utilisation. Ces conditions d&#039;utilisation constituent un accord entre vous et Camp Lumi en ce qui concerne votre acc\u00e8s et votre utilisation des plates-formes.\" \/>\n<meta name=\"robots\" content=\"index, follow, max-snippet:-1, max-image-preview:large, max-video-preview:-1\" \/>\n<link rel=\"canonical\" href=\"https:\/\/camp-lumi.com\/fr\/conditions-dutilisation\/\" \/>\n<meta property=\"og:locale\" content=\"fr_FR\" \/>\n<meta property=\"og:type\" content=\"article\" \/>\n<meta property=\"og:title\" content=\"Camp Lumi - Conditions D&#039;utilisation\" \/>\n<meta property=\"og:description\" content=\"En continuant \u00e0 naviguer ou \u00e0 utiliser le site web (https:\/\/camp-lumi.com), vous acceptez explicitement les pr\u00e9sentes conditions d&#039;utilisation. Ces conditions d&#039;utilisation constituent un accord entre vous et Camp Lumi en ce qui concerne votre acc\u00e8s et votre utilisation des plates-formes.\" \/>\n<meta property=\"og:url\" content=\"https:\/\/camp-lumi.com\/fr\/conditions-dutilisation\/\" \/>\n<meta property=\"og:site_name\" content=\"Camp Lumi\" \/>\n<meta property=\"article:modified_time\" content=\"2023-03-31T05:00:13+00:00\" \/>\n<meta property=\"og:image\" content=\"https:\/\/camp-lumi.com\/wp-content\/uploads\/2022\/12\/camp-lumi-kids-summer-day-camp-montreal-logo-fb.jpg\" \/>\n\t<meta property=\"og:image:width\" content=\"1201\" \/>\n\t<meta property=\"og:image:height\" content=\"631\" \/>\n\t<meta property=\"og:image:type\" content=\"image\/jpeg\" \/>\n<meta name=\"twitter:card\" content=\"summary_large_image\" \/>\n<meta name=\"twitter:label1\" content=\"Dur\u00e9e de lecture estim\u00e9e\" \/>\n\t<meta name=\"twitter:data1\" content=\"3 minutes\" \/>\n<script type=\"application\/ld+json\" class=\"yoast-schema-graph\">{\"@context\":\"https:\/\/schema.org\",\"@graph\":[{\"@type\":\"WebPage\",\"@id\":\"https:\/\/camp-lumi.com\/fr\/conditions-dutilisation\/\",\"url\":\"https:\/\/camp-lumi.com\/fr\/conditions-dutilisation\/\",\"name\":\"Camp Lumi - Conditions D'utilisation\",\"isPartOf\":{\"@id\":\"https:\/\/camp-lumi.com\/fr\/#website\"},\"datePublished\":\"2022-12-19T14:29:49+00:00\",\"dateModified\":\"2023-03-31T05:00:13+00:00\",\"description\":\"En continuant \u00e0 naviguer ou \u00e0 utiliser le site web (https:\/\/camp-lumi.com), vous acceptez explicitement les pr\u00e9sentes conditions d'utilisation. Ces conditions d'utilisation constituent un accord entre vous et Camp Lumi en ce qui concerne votre acc\u00e8s et votre utilisation des plates-formes.\",\"breadcrumb\":{\"@id\":\"https:\/\/camp-lumi.com\/fr\/conditions-dutilisation\/#breadcrumb\"},\"inLanguage\":\"fr-FR\",\"potentialAction\":[{\"@type\":\"ReadAction\",\"target\":[\"https:\/\/camp-lumi.com\/fr\/conditions-dutilisation\/\"]}]},{\"@type\":\"BreadcrumbList\",\"@id\":\"https:\/\/camp-lumi.com\/fr\/conditions-dutilisation\/#breadcrumb\",\"itemListElement\":[{\"@type\":\"ListItem\",\"position\":1,\"name\":\"Home\",\"item\":\"https:\/\/camp-lumi.com\/fr\/\"},{\"@type\":\"ListItem\",\"position\":2,\"name\":\"Conditions D&#8217;utilisation\"}]},{\"@type\":\"WebSite\",\"@id\":\"https:\/\/camp-lumi.com\/fr\/#website\",\"url\":\"https:\/\/camp-lumi.com\/fr\/\",\"name\":\"Camp Lumi\",\"description\":\"Camp d&#039;\u00e9t\u00e9 stimulant et excitant pour chaque enfant.\",\"publisher\":{\"@id\":\"https:\/\/camp-lumi.com\/fr\/#organization\"},\"potentialAction\":[{\"@type\":\"SearchAction\",\"target\":{\"@type\":\"EntryPoint\",\"urlTemplate\":\"https:\/\/camp-lumi.com\/fr\/?s={search_term_string}\"},\"query-input\":{\"@type\":\"PropertyValueSpecification\",\"valueRequired\":true,\"valueName\":\"search_term_string\"}}],\"inLanguage\":\"fr-FR\"},{\"@type\":\"Organization\",\"@id\":\"https:\/\/camp-lumi.com\/fr\/#organization\",\"name\":\"Camp Lumi\",\"url\":\"https:\/\/camp-lumi.com\/fr\/\",\"logo\":{\"@type\":\"ImageObject\",\"inLanguage\":\"fr-FR\",\"@id\":\"https:\/\/camp-lumi.com\/fr\/#\/schema\/logo\/image\/\",\"url\":\"https:\/\/camp-lumi.com\/wp-content\/uploads\/2022\/10\/camp-lumi-logo.svg\",\"contentUrl\":\"https:\/\/camp-lumi.com\/wp-content\/uploads\/2022\/10\/camp-lumi-logo.svg\",\"caption\":\"Camp Lumi\"},\"image\":{\"@id\":\"https:\/\/camp-lumi.com\/fr\/#\/schema\/logo\/image\/\"}}]}<\/script>\n<!-- \/ Yoast SEO plugin. -->","yoast_head_json":{"title":"Camp Lumi - Conditions D'utilisation","description":"En continuant \u00e0 naviguer ou \u00e0 utiliser le site web (https:\/\/camp-lumi.com), vous acceptez explicitement les pr\u00e9sentes conditions d'utilisation. Ces conditions d'utilisation constituent un accord entre vous et Camp Lumi en ce qui concerne votre acc\u00e8s et votre utilisation des plates-formes.","robots":{"index":"index","follow":"follow","max-snippet":"max-snippet:-1","max-image-preview":"max-image-preview:large","max-video-preview":"max-video-preview:-1"},"canonical":"https:\/\/camp-lumi.com\/fr\/conditions-dutilisation\/","og_locale":"fr_FR","og_type":"article","og_title":"Camp Lumi - Conditions D'utilisation","og_description":"En continuant \u00e0 naviguer ou \u00e0 utiliser le site web (https:\/\/camp-lumi.com), vous acceptez explicitement les pr\u00e9sentes conditions d'utilisation. Ces conditions d'utilisation constituent un accord entre vous et Camp Lumi en ce qui concerne votre acc\u00e8s et votre utilisation des plates-formes.","og_url":"https:\/\/camp-lumi.com\/fr\/conditions-dutilisation\/","og_site_name":"Camp Lumi","article_modified_time":"2023-03-31T05:00:13+00:00","og_image":[{"width":1201,"height":631,"url":"https:\/\/camp-lumi.com\/wp-content\/uploads\/2022\/12\/camp-lumi-kids-summer-day-camp-montreal-logo-fb.jpg","type":"image\/jpeg"}],"twitter_card":"summary_large_image","twitter_misc":{"Dur\u00e9e de lecture estim\u00e9e":"3 minutes"},"schema":{"@context":"https:\/\/schema.org","@graph":[{"@type":"WebPage","@id":"https:\/\/camp-lumi.com\/fr\/conditions-dutilisation\/","url":"https:\/\/camp-lumi.com\/fr\/conditions-dutilisation\/","name":"Camp Lumi - Conditions D'utilisation","isPartOf":{"@id":"https:\/\/camp-lumi.com\/fr\/#website"},"datePublished":"2022-12-19T14:29:49+00:00","dateModified":"2023-03-31T05:00:13+00:00","description":"En continuant \u00e0 naviguer ou \u00e0 utiliser le site web (https:\/\/camp-lumi.com), vous acceptez explicitement les pr\u00e9sentes conditions d'utilisation. Ces conditions d'utilisation constituent un accord entre vous et Camp Lumi en ce qui concerne votre acc\u00e8s et votre utilisation des plates-formes.","breadcrumb":{"@id":"https:\/\/camp-lumi.com\/fr\/conditions-dutilisation\/#breadcrumb"},"inLanguage":"fr-FR","potentialAction":[{"@type":"ReadAction","target":["https:\/\/camp-lumi.com\/fr\/conditions-dutilisation\/"]}]},{"@type":"BreadcrumbList","@id":"https:\/\/camp-lumi.com\/fr\/conditions-dutilisation\/#breadcrumb","itemListElement":[{"@type":"ListItem","position":1,"name":"Home","item":"https:\/\/camp-lumi.com\/fr\/"},{"@type":"ListItem","position":2,"name":"Conditions D&#8217;utilisation"}]},{"@type":"WebSite","@id":"https:\/\/camp-lumi.com\/fr\/#website","url":"https:\/\/camp-lumi.com\/fr\/","name":"Camp Lumi","description":"Camp d&#039;\u00e9t\u00e9 stimulant et excitant pour chaque enfant.","publisher":{"@id":"https:\/\/camp-lumi.com\/fr\/#organization"},"potentialAction":[{"@type":"SearchAction","target":{"@type":"EntryPoint","urlTemplate":"https:\/\/camp-lumi.com\/fr\/?s={search_term_string}"},"query-input":{"@type":"PropertyValueSpecification","valueRequired":true,"valueName":"search_term_string"}}],"inLanguage":"fr-FR"},{"@type":"Organization","@id":"https:\/\/camp-lumi.com\/fr\/#organization","name":"Camp Lumi","url":"https:\/\/camp-lumi.com\/fr\/","logo":{"@type":"ImageObject","inLanguage":"fr-FR","@id":"https:\/\/camp-lumi.com\/fr\/#\/schema\/logo\/image\/","url":"https:\/\/camp-lumi.com\/wp-content\/uploads\/2022\/10\/camp-lumi-logo.svg","contentUrl":"https:\/\/camp-lumi.com\/wp-content\/uploads\/2022\/10\/camp-lumi-logo.svg","caption":"Camp Lumi"},"image":{"@id":"https:\/\/camp-lumi.com\/fr\/#\/schema\/logo\/image\/"}}]}},"_links":{"self":[{"href":"https:\/\/camp-lumi.com\/fr\/wp-json\/wp\/v2\/pages\/2661","targetHints":{"allow":["GET"]}}],"collection":[{"href":"https:\/\/camp-lumi.com\/fr\/wp-json\/wp\/v2\/pages"}],"about":[{"href":"https:\/\/camp-lumi.com\/fr\/wp-json\/wp\/v2\/types\/page"}],"author":[{"embeddable":true,"href":"https:\/\/camp-lumi.com\/fr\/wp-json\/wp\/v2\/users\/1"}],"replies":[{"embeddable":true,"href":"https:\/\/camp-lumi.com\/fr\/wp-json\/wp\/v2\/comments?post=2661"}],"version-history":[{"count":0,"href":"https:\/\/camp-lumi.com\/fr\/wp-json\/wp\/v2\/pages\/2661\/revisions"}],"wp:attachment":[{"href":"https:\/\/camp-lumi.com\/fr\/wp-json\/wp\/v2\/media?parent=2661"}],"curies":[{"name":"wp","href":"https:\/\/api.w.org\/{rel}","templated":true}]}}