
{"id":1924,"date":"2022-11-03T13:29:14","date_gmt":"2022-11-03T13:29:14","guid":{"rendered":"https:\/\/camp-lumi.com\/?page_id=1924"},"modified":"2025-04-09T09:01:16","modified_gmt":"2025-04-09T13:01:16","slug":"nous-contacter","status":"publish","type":"page","link":"https:\/\/camp-lumi.com\/fr\/nous-contacter\/","title":{"rendered":"Nous contacter"},"content":{"rendered":"<div class=\"wpb-content-wrapper\"><p>[vc_row full_width=\u00a0\u00bbstretch_row_content_no_spaces\u00a0\u00bb][vc_column icons_position=\u00a0\u00bbleft\u00a0\u00bb][vc_row_inner el_class=\u00a0\u00bbpages-cover-section\u00a0\u00bb][vc_column_inner el_class=\u00a0\u00bbz-index-1&Prime; hide_bg_image_on_tablet=\u00a0\u00bb\u00a0\u00bb hide_bg_image_on_mobile=\u00a0\u00bb\u00a0\u00bb icons_position=\u00a0\u00bbleft\u00a0\u00bb css=\u00a0\u00bb.vc_custom_1667565245794{background-size: cover !important;}\u00a0\u00bb][vc_single_image image=\u00a0\u00bb1953&Prime; img_size=\u00a0\u00bbfull\u00a0\u00bb alignment=\u00a0\u00bbcenter\u00a0\u00bb][\/vc_column_inner][\/vc_row_inner][\/vc_column][\/vc_row][vc_row full_width=\u00a0\u00bbstretch_row_content_no_spaces\u00a0\u00bb hide_bg_image_on_tablet=\u00a0\u00bb\u00a0\u00bb hide_bg_image_on_mobile=\u00a0\u00bb\u00a0\u00bb][vc_column icons_position=\u00a0\u00bbleft\u00a0\u00bb][vc_row_inner hide_bg_image_on_tablet=\u00a0\u00bb\u00a0\u00bb hide_bg_image_on_mobile=\u00a0\u00bb\u00a0\u00bb el_class=\u00a0\u00bbz-index-1 page-cover-wave\u00a0\u00bb][vc_column_inner hide_bg_image_on_tablet=\u00a0\u00bb\u00a0\u00bb hide_bg_image_on_mobile=\u00a0\u00bb\u00a0\u00bb icons_position=\u00a0\u00bbleft\u00a0\u00bb css=\u00a0\u00bb.vc_custom_1667565432607{background-image: url(https:\/\/camp-lumi.com\/wp-content\/uploads\/2022\/11\/camp-lumi-kids-summer-day-camp-montreal-home-slider-waves.png?id=1850) !important;background-position: bottom center !important;background-repeat: no-repeat !important;background-size: cover !important;}\u00a0\u00bb]<div id=\"sc_title_1920624301\"\r\n\t\tclass=\"sc_title color_style_default sc_title_default page-cover-title  vc_custom_1677058042776\"><h1 class=\"sc_item_title sc_title_title sc_align_left sc_item_title_style_default sc_item_title_tag\">Nous contacter<\/h1><\/div><!-- \/.sc_title -->[vc_empty_space height=\u00a0\u00bb27.5vw\u00a0\u00bb alter_height=\u00a0\u00bbnone\u00a0\u00bb hide_on_desktop=\u00a0\u00bb\u00a0\u00bb hide_on_notebook=\u00a0\u00bb\u00a0\u00bb hide_on_tablet=\u00a0\u00bb\u00a0\u00bb hide_on_mobile=\u00a0\u00bb\u00a0\u00bb][\/vc_column_inner][\/vc_row_inner][\/vc_column][\/vc_row][vc_row el_class=\u00a0\u00bbcontact-us-form\u00a0\u00bb][vc_column width=\u00a0\u00bb1\/2&Prime; icons_position=\u00a0\u00bbleft\u00a0\u00bb][vc_empty_space height=\u00a0\u00bb4vw\u00a0\u00bb alter_height=\u00a0\u00bbnone\u00a0\u00bb hide_on_desktop=\u00a0\u00bb\u00a0\u00bb hide_on_notebook=\u00a0\u00bb\u00a0\u00bb hide_on_tablet=\u00a0\u00bb\u00a0\u00bb hide_on_mobile=\u00a0\u00bb\u00a0\u00bb]<div id=\"sc_title_1009567061\"\r\n\t\tclass=\"sc_title color_style_default sc_title_default left-hyphen\"><h2 class=\"sc_item_title sc_title_title sc_align_left sc_item_title_style_default\">Entrer en contact<\/h2><\/div><!-- \/.sc_title -->[vc_empty_space height=\u00a0\u00bb4vw\u00a0\u00bb alter_height=\u00a0\u00bbnone\u00a0\u00bb hide_on_desktop=\u00a0\u00bb\u00a0\u00bb hide_on_notebook=\u00a0\u00bb\u00a0\u00bb hide_on_tablet=\u00a0\u00bb\u00a0\u00bb hide_on_mobile=\u00a0\u00bb1&Prime;][vc_empty_space height=\u00a0\u00bb2vw\u00a0\u00bb alter_height=\u00a0\u00bbnone\u00a0\u00bb hide_on_desktop=\u00a0\u00bb1&Prime; hide_on_notebook=\u00a0\u00bb1&Prime; hide_on_tablet=\u00a0\u00bb1&Prime; hide_on_mobile=\u00a0\u00bb\u00a0\u00bb][vc_column_text css=\u00a0\u00bb\u00a0\u00bb]<\/p>\n<h5>T\u00e9l\u00e9phoner<\/h5>\n<p><a href=\"tel:+15142925864\">514-292-5864 (LUMI)<\/a><\/p>\n<h5>E-mail<\/h5>\n<p><a href=\"mailto:info@camp-lumi.com\">info@camp-lumi.com<\/a>[\/vc_column_text][\/vc_column][vc_column width=\u00a0\u00bb1\/2&Prime; icons_position=\u00a0\u00bbleft\u00a0\u00bb][vc_empty_space height=\u00a0\u00bb4vw\u00a0\u00bb alter_height=\u00a0\u00bbnone\u00a0\u00bb hide_on_desktop=\u00a0\u00bb\u00a0\u00bb hide_on_notebook=\u00a0\u00bb\u00a0\u00bb hide_on_tablet=\u00a0\u00bb\u00a0\u00bb hide_on_mobile=\u00a0\u00bb\u00a0\u00bb][vc_empty_space height=\u00a0\u00bb5vw\u00a0\u00bb alter_height=\u00a0\u00bbnone\u00a0\u00bb hide_on_desktop=\u00a0\u00bb1&Prime; hide_on_notebook=\u00a0\u00bb1&Prime; hide_on_tablet=\u00a0\u00bb1&Prime; hide_on_mobile=\u00a0\u00bb\u00a0\u00bb]<div id=\"sc_title_243357123\"\r\n\t\tclass=\"sc_title color_style_default sc_title_default left-hyphen\"><h2 class=\"sc_item_title sc_title_title sc_align_left sc_item_title_style_default\">Avez-vous des questions?<\/h2><\/div><!-- \/.sc_title -->[vc_empty_space height=\u00a0\u00bb4vw\u00a0\u00bb alter_height=\u00a0\u00bbnone\u00a0\u00bb hide_on_desktop=\u00a0\u00bb\u00a0\u00bb hide_on_notebook=\u00a0\u00bb\u00a0\u00bb hide_on_tablet=\u00a0\u00bb\u00a0\u00bb hide_on_mobile=\u00a0\u00bb1&Prime;][vc_empty_space height=\u00a0\u00bb2vw\u00a0\u00bb alter_height=\u00a0\u00bbnone\u00a0\u00bb hide_on_desktop=\u00a0\u00bb1&Prime; hide_on_notebook=\u00a0\u00bb1&Prime; hide_on_tablet=\u00a0\u00bb1&Prime; hide_on_mobile=\u00a0\u00bb\u00a0\u00bb]\n<div class=\"wpcf7 no-js\" id=\"wpcf7-f3145-o1\" lang=\"fr-FR\" dir=\"ltr\" data-wpcf7-id=\"3145\">\n<div class=\"screen-reader-response\"><p role=\"status\" aria-live=\"polite\" aria-atomic=\"true\"><\/p> <ul><\/ul><\/div>\n<form action=\"\/fr\/wp-json\/wp\/v2\/pages\/1924#wpcf7-f3145-o1\" method=\"post\" class=\"wpcf7-form init\" aria-label=\"Formulaire de contact\" novalidate=\"novalidate\" data-status=\"init\">\n<fieldset class=\"hidden-fields-container\"><input type=\"hidden\" name=\"_wpcf7\" value=\"3145\" \/><input type=\"hidden\" name=\"_wpcf7_version\" value=\"6.1.5\" \/><input type=\"hidden\" name=\"_wpcf7_locale\" value=\"fr_FR\" \/><input type=\"hidden\" name=\"_wpcf7_unit_tag\" value=\"wpcf7-f3145-o1\" \/><input type=\"hidden\" name=\"_wpcf7_container_post\" value=\"0\" \/><input type=\"hidden\" name=\"_wpcf7_posted_data_hash\" value=\"\" \/><input type=\"hidden\" name=\"_wpcf7_recaptcha_response\" value=\"\" \/>\n<\/fieldset>\n<div class=\"cf_columns light contact-form\">\n<div class=\"cf_column-1_2\">\n   <span class=\"wpcf7-form-control-wrap\" data-name=\"full-name\"><input size=\"40\" maxlength=\"400\" class=\"wpcf7-form-control wpcf7-text wpcf7-validates-as-required\" aria-required=\"true\" aria-invalid=\"false\" placeholder=\"Nom\" value=\"\" type=\"text\" name=\"full-name\" \/><\/span>\n<\/div>\n<div class=\"cf_column-1_2\">\n   <span class=\"wpcf7-form-control-wrap\" data-name=\"email\"><input size=\"40\" maxlength=\"400\" class=\"wpcf7-form-control wpcf7-email wpcf7-validates-as-required wpcf7-text wpcf7-validates-as-email\" aria-required=\"true\" aria-invalid=\"false\" placeholder=\"Email\" value=\"\" type=\"email\" name=\"email\" \/><\/span>\n<\/div>\n<div class=\"cf_column-1_1\">\n   <span class=\"wpcf7-form-control-wrap\" data-name=\"message\"><textarea cols=\"40\" rows=\"5\" maxlength=\"2000\" class=\"wpcf7-form-control wpcf7-textarea\" aria-invalid=\"false\" placeholder=\"Message\" name=\"message\"><\/textarea><\/span>\n<\/div>\n<div class=\"cf_column-1_1\">\nCe site est prot\u00e9g\u00e9 par reCAPTCHA, et la \n<a href=\"https:\/\/policies.google.com\/privacy\" target=\"_blank\">Politique de confidentialit\u00e9<\/a> ainsi que les \n<a href=\"https:\/\/policies.google.com\/terms\" target=\"_blank\">Conditions d'utilisation<\/a> de Google s'appliquent.\n<\/div>\n<div class=\"cf_column-1_1 cf_column-button\">\n<input class=\"wpcf7-form-control wpcf7-submit has-spinner\" type=\"submit\" value=\"Envoyer le message\" \/>\n<\/div>\n<\/div><input type='hidden' class='wpcf7-pum' value='{\"closepopup\":false,\"closedelay\":0,\"openpopup\":false,\"openpopup_id\":0}' \/><div class=\"wpcf7-response-output\" aria-hidden=\"true\"><\/div>\n<\/form>\n<\/div>\n[vc_empty_space height=\u00a0\u00bb6.8vw\u00a0\u00bb alter_height=\u00a0\u00bbnone\u00a0\u00bb hide_on_desktop=\u00a0\u00bb\u00a0\u00bb hide_on_notebook=\u00a0\u00bb\u00a0\u00bb hide_on_tablet=\u00a0\u00bb\u00a0\u00bb hide_on_mobile=\u00a0\u00bb\u00a0\u00bb][\/vc_column][\/vc_row]<\/p>\n<\/div>","protected":false},"excerpt":{"rendered":"<p>[vc_row full_width=\u00a0\u00bbstretch_row_content_no_spaces\u00a0\u00bb][vc_column icons_position=\u00a0\u00bbleft\u00a0\u00bb][vc_row_inner el_class=\u00a0\u00bbpages-cover-section\u00a0\u00bb][vc_column_inner el_class=\u00a0\u00bbz-index-1&Prime; hide_bg_image_on_tablet=\u00a0\u00bb\u00a0\u00bb hide_bg_image_on_mobile=\u00a0\u00bb\u00a0\u00bb icons_position=\u00a0\u00bbleft\u00a0\u00bb css=\u00a0\u00bb.vc_custom_1667565245794{background-size: cover !important;}\u00a0\u00bb][vc_single_image image=\u00a0\u00bb1953&Prime; img_size=\u00a0\u00bbfull\u00a0\u00bb alignment=\u00a0\u00bbcenter\u00a0\u00bb][\/vc_column_inner][\/vc_row_inner][\/vc_column][\/vc_row][vc_row full_width=\u00a0\u00bbstretch_row_content_no_spaces\u00a0\u00bb hide_bg_image_on_tablet=\u00a0\u00bb\u00a0\u00bb hide_bg_image_on_mobile=\u00a0\u00bb\u00a0\u00bb][vc_column icons_position=\u00a0\u00bbleft\u00a0\u00bb][vc_row_inner hide_bg_image_on_tablet=\u00a0\u00bb\u00a0\u00bb hide_bg_image_on_mobile=\u00a0\u00bb\u00a0\u00bb el_class=\u00a0\u00bbz-index-1 page-cover-wave\u00a0\u00bb][vc_column_inner hide_bg_image_on_tablet=\u00a0\u00bb\u00a0\u00bb hide_bg_image_on_mobile=\u00a0\u00bb\u00a0\u00bb icons_position=\u00a0\u00bbleft\u00a0\u00bb css=\u00a0\u00bb.vc_custom_1667565432607{background-image: url(https:\/\/camp-lumi.com\/wp-content\/uploads\/2022\/11\/camp-lumi-kids-summer-day-camp-montreal-home-slider-waves.png?id=1850) !important;background-position: bottom center !important;background-repeat: no-repeat !important;background-size: cover !important;}\u00a0\u00bb][vc_empty_space height=\u00a0\u00bb27.5vw\u00a0\u00bb alter_height=\u00a0\u00bbnone\u00a0\u00bb hide_on_desktop=\u00a0\u00bb\u00a0\u00bb hide_on_notebook=\u00a0\u00bb\u00a0\u00bb hide_on_tablet=\u00a0\u00bb\u00a0\u00bb hide_on_mobile=\u00a0\u00bb\u00a0\u00bb][\/vc_column_inner][\/vc_row_inner][\/vc_column][\/vc_row][vc_row el_class=\u00a0\u00bbcontact-us-form\u00a0\u00bb][vc_column width=\u00a0\u00bb1\/2&Prime; icons_position=\u00a0\u00bbleft\u00a0\u00bb][vc_empty_space height=\u00a0\u00bb4vw\u00a0\u00bb alter_height=\u00a0\u00bbnone\u00a0\u00bb hide_on_desktop=\u00a0\u00bb\u00a0\u00bb hide_on_notebook=\u00a0\u00bb\u00a0\u00bb hide_on_tablet=\u00a0\u00bb\u00a0\u00bb hide_on_mobile=\u00a0\u00bb\u00a0\u00bb][vc_empty_space height=\u00a0\u00bb4vw\u00a0\u00bb alter_height=\u00a0\u00bbnone\u00a0\u00bb hide_on_desktop=\u00a0\u00bb\u00a0\u00bb hide_on_notebook=\u00a0\u00bb\u00a0\u00bb hide_on_tablet=\u00a0\u00bb\u00a0\u00bb hide_on_mobile=\u00a0\u00bb1&Prime;][vc_empty_space height=\u00a0\u00bb2vw\u00a0\u00bb alter_height=\u00a0\u00bbnone\u00a0\u00bb hide_on_desktop=\u00a0\u00bb1&Prime; hide_on_notebook=\u00a0\u00bb1&Prime;&hellip;<\/p>\n","protected":false},"author":1,"featured_media":0,"parent":0,"menu_order":0,"comment_status":"closed","ping_status":"closed","template":"","meta":{"inline_featured_image":false,"footnotes":""},"class_list":["post-1924","page","type-page","status-publish","hentry"],"yoast_head":"<!-- This site is optimized with the Yoast SEO plugin v27.1.1 - https:\/\/yoast.com\/product\/yoast-seo-wordpress\/ -->\n<title>Camp de jour pour les enfants \u00e0 Montr\u00e9al - Contacter le Camp Lumi<\/title>\n<meta name=\"description\" content=\"Contactez le Camp Lumi pour les activit\u00e9s d&#039;\u00e9t\u00e9 de vos enfants \u00e0 Montr\u00e9al. Nous avons les meilleures ressources \u00e0 Montr\u00e9al pour vos enfants \u00e2g\u00e9s de 4 \u00e0 14 ans - Camp Lumi\" \/>\n<meta name=\"robots\" content=\"index, follow, max-snippet:-1, max-image-preview:large, max-video-preview:-1\" \/>\n<link rel=\"canonical\" href=\"https:\/\/camp-lumi.com\/fr\/nous-contacter\/\" \/>\n<meta property=\"og:locale\" content=\"fr_FR\" \/>\n<meta property=\"og:type\" content=\"article\" \/>\n<meta property=\"og:title\" content=\"Camp de jour pour les enfants \u00e0 Montr\u00e9al - Contacter le Camp Lumi\" \/>\n<meta property=\"og:description\" content=\"Contactez le Camp Lumi pour les activit\u00e9s d&#039;\u00e9t\u00e9 de vos enfants \u00e0 Montr\u00e9al. Nous avons les meilleures ressources \u00e0 Montr\u00e9al pour vos enfants \u00e2g\u00e9s de 4 \u00e0 14 ans - Camp Lumi\" \/>\n<meta property=\"og:url\" content=\"https:\/\/camp-lumi.com\/fr\/nous-contacter\/\" \/>\n<meta property=\"og:site_name\" content=\"Camp Lumi\" \/>\n<meta property=\"article:modified_time\" content=\"2025-04-09T13:01:16+00:00\" \/>\n<meta property=\"og:image\" content=\"https:\/\/camp-lumi.com\/wp-content\/uploads\/2022\/12\/camp-lumi-kids-summer-day-camp-montreal-logo-fb.jpg\" \/>\n\t<meta property=\"og:image:width\" content=\"1201\" \/>\n\t<meta property=\"og:image:height\" content=\"631\" \/>\n\t<meta property=\"og:image:type\" content=\"image\/jpeg\" \/>\n<meta name=\"twitter:card\" content=\"summary_large_image\" \/>\n<meta name=\"twitter:label1\" content=\"Dur\u00e9e de lecture estim\u00e9e\" \/>\n\t<meta name=\"twitter:data1\" content=\"1 minute\" \/>\n<script type=\"application\/ld+json\" class=\"yoast-schema-graph\">{\"@context\":\"https:\/\/schema.org\",\"@graph\":[{\"@type\":\"WebPage\",\"@id\":\"https:\/\/camp-lumi.com\/fr\/nous-contacter\/\",\"url\":\"https:\/\/camp-lumi.com\/fr\/nous-contacter\/\",\"name\":\"Camp de jour pour les enfants \u00e0 Montr\u00e9al - Contacter le Camp Lumi\",\"isPartOf\":{\"@id\":\"https:\/\/camp-lumi.com\/fr\/#website\"},\"datePublished\":\"2022-11-03T13:29:14+00:00\",\"dateModified\":\"2025-04-09T13:01:16+00:00\",\"description\":\"Contactez le Camp Lumi pour les activit\u00e9s d'\u00e9t\u00e9 de vos enfants \u00e0 Montr\u00e9al. Nous avons les meilleures ressources \u00e0 Montr\u00e9al pour vos enfants \u00e2g\u00e9s de 4 \u00e0 14 ans - Camp Lumi\",\"breadcrumb\":{\"@id\":\"https:\/\/camp-lumi.com\/fr\/nous-contacter\/#breadcrumb\"},\"inLanguage\":\"fr-FR\",\"potentialAction\":[{\"@type\":\"ReadAction\",\"target\":[\"https:\/\/camp-lumi.com\/fr\/nous-contacter\/\"]}]},{\"@type\":\"BreadcrumbList\",\"@id\":\"https:\/\/camp-lumi.com\/fr\/nous-contacter\/#breadcrumb\",\"itemListElement\":[{\"@type\":\"ListItem\",\"position\":1,\"name\":\"Home\",\"item\":\"https:\/\/camp-lumi.com\/fr\/\"},{\"@type\":\"ListItem\",\"position\":2,\"name\":\"Nous contacter\"}]},{\"@type\":\"WebSite\",\"@id\":\"https:\/\/camp-lumi.com\/fr\/#website\",\"url\":\"https:\/\/camp-lumi.com\/fr\/\",\"name\":\"Camp Lumi\",\"description\":\"Camp d&#039;\u00e9t\u00e9 stimulant et excitant pour chaque enfant.\",\"publisher\":{\"@id\":\"https:\/\/camp-lumi.com\/fr\/#organization\"},\"potentialAction\":[{\"@type\":\"SearchAction\",\"target\":{\"@type\":\"EntryPoint\",\"urlTemplate\":\"https:\/\/camp-lumi.com\/fr\/?s={search_term_string}\"},\"query-input\":{\"@type\":\"PropertyValueSpecification\",\"valueRequired\":true,\"valueName\":\"search_term_string\"}}],\"inLanguage\":\"fr-FR\"},{\"@type\":\"Organization\",\"@id\":\"https:\/\/camp-lumi.com\/fr\/#organization\",\"name\":\"Camp Lumi\",\"url\":\"https:\/\/camp-lumi.com\/fr\/\",\"logo\":{\"@type\":\"ImageObject\",\"inLanguage\":\"fr-FR\",\"@id\":\"https:\/\/camp-lumi.com\/fr\/#\/schema\/logo\/image\/\",\"url\":\"https:\/\/camp-lumi.com\/wp-content\/uploads\/2022\/10\/camp-lumi-logo.svg\",\"contentUrl\":\"https:\/\/camp-lumi.com\/wp-content\/uploads\/2022\/10\/camp-lumi-logo.svg\",\"caption\":\"Camp Lumi\"},\"image\":{\"@id\":\"https:\/\/camp-lumi.com\/fr\/#\/schema\/logo\/image\/\"}}]}<\/script>\n<!-- \/ Yoast SEO plugin. -->","yoast_head_json":{"title":"Camp de jour pour les enfants \u00e0 Montr\u00e9al - Contacter le Camp Lumi","description":"Contactez le Camp Lumi pour les activit\u00e9s d'\u00e9t\u00e9 de vos enfants \u00e0 Montr\u00e9al. Nous avons les meilleures ressources \u00e0 Montr\u00e9al pour vos enfants \u00e2g\u00e9s de 4 \u00e0 14 ans - Camp Lumi","robots":{"index":"index","follow":"follow","max-snippet":"max-snippet:-1","max-image-preview":"max-image-preview:large","max-video-preview":"max-video-preview:-1"},"canonical":"https:\/\/camp-lumi.com\/fr\/nous-contacter\/","og_locale":"fr_FR","og_type":"article","og_title":"Camp de jour pour les enfants \u00e0 Montr\u00e9al - Contacter le Camp Lumi","og_description":"Contactez le Camp Lumi pour les activit\u00e9s d'\u00e9t\u00e9 de vos enfants \u00e0 Montr\u00e9al. Nous avons les meilleures ressources \u00e0 Montr\u00e9al pour vos enfants \u00e2g\u00e9s de 4 \u00e0 14 ans - Camp Lumi","og_url":"https:\/\/camp-lumi.com\/fr\/nous-contacter\/","og_site_name":"Camp Lumi","article_modified_time":"2025-04-09T13:01:16+00:00","og_image":[{"width":1201,"height":631,"url":"https:\/\/camp-lumi.com\/wp-content\/uploads\/2022\/12\/camp-lumi-kids-summer-day-camp-montreal-logo-fb.jpg","type":"image\/jpeg"}],"twitter_card":"summary_large_image","twitter_misc":{"Dur\u00e9e de lecture estim\u00e9e":"1 minute"},"schema":{"@context":"https:\/\/schema.org","@graph":[{"@type":"WebPage","@id":"https:\/\/camp-lumi.com\/fr\/nous-contacter\/","url":"https:\/\/camp-lumi.com\/fr\/nous-contacter\/","name":"Camp de jour pour les enfants \u00e0 Montr\u00e9al - Contacter le Camp Lumi","isPartOf":{"@id":"https:\/\/camp-lumi.com\/fr\/#website"},"datePublished":"2022-11-03T13:29:14+00:00","dateModified":"2025-04-09T13:01:16+00:00","description":"Contactez le Camp Lumi pour les activit\u00e9s d'\u00e9t\u00e9 de vos enfants \u00e0 Montr\u00e9al. Nous avons les meilleures ressources \u00e0 Montr\u00e9al pour vos enfants \u00e2g\u00e9s de 4 \u00e0 14 ans - Camp Lumi","breadcrumb":{"@id":"https:\/\/camp-lumi.com\/fr\/nous-contacter\/#breadcrumb"},"inLanguage":"fr-FR","potentialAction":[{"@type":"ReadAction","target":["https:\/\/camp-lumi.com\/fr\/nous-contacter\/"]}]},{"@type":"BreadcrumbList","@id":"https:\/\/camp-lumi.com\/fr\/nous-contacter\/#breadcrumb","itemListElement":[{"@type":"ListItem","position":1,"name":"Home","item":"https:\/\/camp-lumi.com\/fr\/"},{"@type":"ListItem","position":2,"name":"Nous contacter"}]},{"@type":"WebSite","@id":"https:\/\/camp-lumi.com\/fr\/#website","url":"https:\/\/camp-lumi.com\/fr\/","name":"Camp Lumi","description":"Camp d&#039;\u00e9t\u00e9 stimulant et excitant pour chaque enfant.","publisher":{"@id":"https:\/\/camp-lumi.com\/fr\/#organization"},"potentialAction":[{"@type":"SearchAction","target":{"@type":"EntryPoint","urlTemplate":"https:\/\/camp-lumi.com\/fr\/?s={search_term_string}"},"query-input":{"@type":"PropertyValueSpecification","valueRequired":true,"valueName":"search_term_string"}}],"inLanguage":"fr-FR"},{"@type":"Organization","@id":"https:\/\/camp-lumi.com\/fr\/#organization","name":"Camp Lumi","url":"https:\/\/camp-lumi.com\/fr\/","logo":{"@type":"ImageObject","inLanguage":"fr-FR","@id":"https:\/\/camp-lumi.com\/fr\/#\/schema\/logo\/image\/","url":"https:\/\/camp-lumi.com\/wp-content\/uploads\/2022\/10\/camp-lumi-logo.svg","contentUrl":"https:\/\/camp-lumi.com\/wp-content\/uploads\/2022\/10\/camp-lumi-logo.svg","caption":"Camp Lumi"},"image":{"@id":"https:\/\/camp-lumi.com\/fr\/#\/schema\/logo\/image\/"}}]}},"_links":{"self":[{"href":"https:\/\/camp-lumi.com\/fr\/wp-json\/wp\/v2\/pages\/1924","targetHints":{"allow":["GET"]}}],"collection":[{"href":"https:\/\/camp-lumi.com\/fr\/wp-json\/wp\/v2\/pages"}],"about":[{"href":"https:\/\/camp-lumi.com\/fr\/wp-json\/wp\/v2\/types\/page"}],"author":[{"embeddable":true,"href":"https:\/\/camp-lumi.com\/fr\/wp-json\/wp\/v2\/users\/1"}],"replies":[{"embeddable":true,"href":"https:\/\/camp-lumi.com\/fr\/wp-json\/wp\/v2\/comments?post=1924"}],"version-history":[{"count":1,"href":"https:\/\/camp-lumi.com\/fr\/wp-json\/wp\/v2\/pages\/1924\/revisions"}],"predecessor-version":[{"id":3146,"href":"https:\/\/camp-lumi.com\/fr\/wp-json\/wp\/v2\/pages\/1924\/revisions\/3146"}],"wp:attachment":[{"href":"https:\/\/camp-lumi.com\/fr\/wp-json\/wp\/v2\/media?parent=1924"}],"curies":[{"name":"wp","href":"https:\/\/api.w.org\/{rel}","templated":true}]}}